{"id":247619,"date":"2021-07-20T15:54:25","date_gmt":"2021-07-20T13:54:25","guid":{"rendered":"https:\/\/www.ffbetania.net\/conecte-se\/"},"modified":"2023-03-09T11:51:06","modified_gmt":"2023-03-09T10:51:06","slug":"conecte-se","status":"publish","type":"page","link":"https:\/\/www.ffbetania.net\/pt-br\/conecte-se\/","title":{"rendered":"Conecte-se"},"content":{"rendered":"<p>[et_pb_section fb_built=&#8221;1&#8243; _builder_version=&#8221;3.22&#8243; global_colors_info=&#8221;{}&#8221;][et_pb_row _builder_version=&#8221;3.25&#8243; background_size=&#8221;initial&#8221; background_position=&#8221;top_left&#8221; background_repeat=&#8221;repeat&#8221; global_colors_info=&#8221;{}&#8221;][et_pb_column type=&#8221;4_4&#8243; _builder_version=&#8221;3.25&#8243; custom_padding=&#8221;|||&#8221; global_colors_info=&#8221;{}&#8221; custom_padding__hover=&#8221;|||&#8221;][et_pb_text _builder_version=&#8221;4.10.5&#8243; text_font_size=&#8221;24px&#8221; background_size=&#8221;initial&#8221; background_position=&#8221;top_left&#8221; background_repeat=&#8221;repeat&#8221; text_orientation=&#8221;center&#8221; global_colors_info=&#8221;{}&#8221;]<\/p>\n<div class=\"charitable-login-form\">\n\t<div class=\"charitable-session-content\" data-template=\"notices\" data-args=\"[]\" style=\"display: none;\"><\/div><noscript><\/noscript><form name=\"loginform\" id=\"loginform\" action=\"https:\/\/www.ffbetania.net\/wp-login.php\" method=\"post\"><p class=\"login-username\">\n\t\t\t\t<label for=\"user_login\">Nome de usu\u00e1rio ou endere\u00e7o de e-mail<\/label>\n\t\t\t\t<input type=\"text\" name=\"log\" id=\"user_login\" autocomplete=\"username\" class=\"input\" value=\"\" size=\"20\" \/>\n\t\t\t<\/p><p class=\"login-password\">\n\t\t\t\t<label for=\"user_pass\">Senha<\/label>\n\t\t\t\t<input type=\"password\" name=\"pwd\" id=\"user_pass\" autocomplete=\"current-password\" spellcheck=\"false\" class=\"input\" value=\"\" size=\"20\" \/>\n\t\t\t<\/p><p class=\"login-remember\"><label><input name=\"rememberme\" type=\"checkbox\" id=\"rememberme\" value=\"forever\" \/> Lembrar-me<\/label><\/p><p class=\"login-submit\">\n\t\t\t\t<input type=\"submit\" name=\"wp-submit\" id=\"wp-submit\" class=\"button button-primary\" value=\"Acessar\" \/>\n\t\t\t\t<input type=\"hidden\" name=\"redirect_to\" value=\"https:\/\/www.ffbetania.net\/pt-br\/projetos\/account\/\" \/>\n\t\t\t<\/p><input type=\"hidden\" name=\"charitable\" value=\"1\" \/><\/form>\t<p>\n\t\t\t\t\t<a href=\"https:\/\/www.ffbetania.net\/pt-br\/entrar\/?redirect_to=https%3A%2F%2Fwww.ffbetania.net%2Fpt-br%2Fprojetos%2Faccount%2F\">Cadastre-se<\/a>&nbsp;|&nbsp;\n\t\t\t\t<a href=\"https:\/\/www.ffbetania.net\/pt-br\/conecte-se\/forgot-password\/\">Esqueci a senha<\/a>\n\t<\/p>\n\t<\/div>\n\n<p>[\/et_pb_text][et_pb_text _builder_version=&#8221;4.10.7&#8243; _module_preset=&#8221;default&#8221; hover_enabled=&#8221;0&#8243; global_colors_info=&#8221;{}&#8221; sticky_enabled=&#8221;0&#8243;][et_pb_section global_module=\"521\"][\/et_pb_section][\/et_pb_text][\/et_pb_column][\/et_pb_row][\/et_pb_section]<\/p>\n","protected":false},"excerpt":{"rendered":"<p><div class=\"charitable-login-form\">\n\t<div class=\"charitable-session-content\" data-template=\"notices\" data-args=\"[]\" style=\"display: none;\"><\/div><noscript><\/noscript><form name=\"loginform\" id=\"loginform\" action=\"https:\/\/www.ffbetania.net\/wp-login.php\" method=\"post\"><p class=\"login-username\">\n\t\t\t\t<label for=\"user_login\">Nome de usu\u00e1rio ou endere\u00e7o de e-mail<\/label>\n\t\t\t\t<input type=\"text\" name=\"log\" id=\"user_login\" autocomplete=\"username\" class=\"input\" value=\"\" size=\"20\" \/>\n\t\t\t<\/p><p class=\"login-password\">\n\t\t\t\t<label for=\"user_pass\">Senha<\/label>\n\t\t\t\t<input type=\"password\" name=\"pwd\" id=\"user_pass\" autocomplete=\"current-password\" spellcheck=\"false\" class=\"input\" value=\"\" size=\"20\" \/>\n\t\t\t<\/p><p class=\"login-remember\"><label><input name=\"rememberme\" type=\"checkbox\" id=\"rememberme\" value=\"forever\" \/> Lembrar-me<\/label><\/p><p class=\"login-submit\">\n\t\t\t\t<input type=\"submit\" name=\"wp-submit\" id=\"wp-submit\" class=\"button button-primary\" value=\"Acessar\" \/>\n\t\t\t\t<input type=\"hidden\" name=\"redirect_to\" value=\"https:\/\/www.ffbetania.net\/pt-br\/projetos\/account\/\" \/>\n\t\t\t<\/p><input type=\"hidden\" name=\"charitable\" value=\"1\" \/><\/form>\t<p>\n\t\t\t\t\t<a href=\"https:\/\/www.ffbetania.net\/pt-br\/entrar\/?redirect_to=https%3A%2F%2Fwww.ffbetania.net%2Fpt-br%2Fprojetos%2Faccount%2F\">Cadastre-se<\/a>&nbsp;|&nbsp;\n\t\t\t\t<a href=\"https:\/\/www.ffbetania.net\/pt-br\/conecte-se\/forgot-password\/\">Esqueci a senha<\/a>\n\t<\/p>\n\t<\/div>\n <div class=\"et_pb_section et_pb_section_0 et_pb_with_background et_section_regular\" >\n\t\t\t\t\n\t\t\t\t\n\t\t\t\t\n\t\t\t\t\n\t\t\t\t\n\t\t\t\t\n\t\t\t\t\n\t\t\t\t\n\t\t\t\t\n\t\t\t<\/div><\/p>\n","protected":false},"author":1,"featured_media":0,"parent":0,"menu_order":0,"comment_status":"closed","ping_status":"closed","template":"","meta":{"_et_pb_use_builder":"on","_et_pb_old_content":"","_et_gb_content_width":"","footnotes":""},"class_list":["post-247619","page","type-page","status-publish","hentry"],"yoast_head":"<!-- This site is optimized with the Yoast SEO plugin v27.6 - https:\/\/yoast.com\/product\/yoast-seo-wordpress\/ -->\n<title>Conecte-se - Fraternit\u00e0 Francescana di Betania<\/title>\n<meta name=\"robots\" content=\"index, follow, max-snippet:-1, max-image-preview:large, max-video-preview:-1\" \/>\n<link rel=\"canonical\" href=\"https:\/\/www.ffbetania.net\/pt-br\/conecte-se\/\" \/>\n<meta property=\"og:locale\" content=\"pt_BR\" \/>\n<meta property=\"og:type\" content=\"article\" \/>\n<meta property=\"og:title\" content=\"Conecte-se - Fraternit\u00e0 Francescana di Betania\" \/>\n<meta property=\"og:url\" content=\"https:\/\/www.ffbetania.net\/pt-br\/conecte-se\/\" \/>\n<meta property=\"og:site_name\" content=\"Fraternit\u00e0 Francescana di Betania\" \/>\n<meta property=\"article:modified_time\" content=\"2023-03-09T10:51:06+00:00\" \/>\n<meta name=\"twitter:card\" content=\"summary_large_image\" \/>\n<meta name=\"twitter:label1\" content=\"Est. tempo de leitura\" \/>\n\t<meta name=\"twitter:data1\" content=\"1 minuto\" \/>\n<script type=\"application\/ld+json\" class=\"yoast-schema-graph\">{\"@context\":\"https:\\\/\\\/schema.org\",\"@graph\":[{\"@type\":\"WebPage\",\"@id\":\"https:\\\/\\\/www.ffbetania.net\\\/pt-br\\\/conecte-se\\\/\",\"url\":\"https:\\\/\\\/www.ffbetania.net\\\/pt-br\\\/conecte-se\\\/\",\"name\":\"Conecte-se - Fraternit\u00e0 Francescana di Betania\",\"isPartOf\":{\"@id\":\"https:\\\/\\\/www.ffbetania.net\\\/pt-br\\\/#website\"},\"datePublished\":\"2021-07-20T13:54:25+00:00\",\"dateModified\":\"2023-03-09T10:51:06+00:00\",\"breadcrumb\":{\"@id\":\"https:\\\/\\\/www.ffbetania.net\\\/pt-br\\\/conecte-se\\\/#breadcrumb\"},\"inLanguage\":\"pt-BR\",\"potentialAction\":[{\"@type\":\"ReadAction\",\"target\":[\"https:\\\/\\\/www.ffbetania.net\\\/pt-br\\\/conecte-se\\\/\"]}]},{\"@type\":\"BreadcrumbList\",\"@id\":\"https:\\\/\\\/www.ffbetania.net\\\/pt-br\\\/conecte-se\\\/#breadcrumb\",\"itemListElement\":[{\"@type\":\"ListItem\",\"position\":1,\"name\":\"Home\",\"item\":\"https:\\\/\\\/www.ffbetania.net\\\/pt-br\\\/\"},{\"@type\":\"ListItem\",\"position\":2,\"name\":\"Conecte-se\"}]},{\"@type\":\"WebSite\",\"@id\":\"https:\\\/\\\/www.ffbetania.net\\\/pt-br\\\/#website\",\"url\":\"https:\\\/\\\/www.ffbetania.net\\\/pt-br\\\/\",\"name\":\"Fraternit\u00e0 Francescana di Betania\",\"description\":\"La Fraternit\u00e0 Francescana di Betania \u00e8 lieta di rendervi partecipi di questa gioia\",\"potentialAction\":[{\"@type\":\"SearchAction\",\"target\":{\"@type\":\"EntryPoint\",\"urlTemplate\":\"https:\\\/\\\/www.ffbetania.net\\\/pt-br\\\/?s={search_term_string}\"},\"query-input\":{\"@type\":\"PropertyValueSpecification\",\"valueRequired\":true,\"valueName\":\"search_term_string\"}}],\"inLanguage\":\"pt-BR\"}]}<\/script>\n<!-- \/ Yoast SEO plugin. -->","yoast_head_json":{"title":"Conecte-se - Fraternit\u00e0 Francescana di Betania","robots":{"index":"index","follow":"follow","max-snippet":"max-snippet:-1","max-image-preview":"max-image-preview:large","max-video-preview":"max-video-preview:-1"},"canonical":"https:\/\/www.ffbetania.net\/pt-br\/conecte-se\/","og_locale":"pt_BR","og_type":"article","og_title":"Conecte-se - Fraternit\u00e0 Francescana di Betania","og_url":"https:\/\/www.ffbetania.net\/pt-br\/conecte-se\/","og_site_name":"Fraternit\u00e0 Francescana di Betania","article_modified_time":"2023-03-09T10:51:06+00:00","twitter_card":"summary_large_image","twitter_misc":{"Est. tempo de leitura":"1 minuto"},"schema":{"@context":"https:\/\/schema.org","@graph":[{"@type":"WebPage","@id":"https:\/\/www.ffbetania.net\/pt-br\/conecte-se\/","url":"https:\/\/www.ffbetania.net\/pt-br\/conecte-se\/","name":"Conecte-se - Fraternit\u00e0 Francescana di Betania","isPartOf":{"@id":"https:\/\/www.ffbetania.net\/pt-br\/#website"},"datePublished":"2021-07-20T13:54:25+00:00","dateModified":"2023-03-09T10:51:06+00:00","breadcrumb":{"@id":"https:\/\/www.ffbetania.net\/pt-br\/conecte-se\/#breadcrumb"},"inLanguage":"pt-BR","potentialAction":[{"@type":"ReadAction","target":["https:\/\/www.ffbetania.net\/pt-br\/conecte-se\/"]}]},{"@type":"BreadcrumbList","@id":"https:\/\/www.ffbetania.net\/pt-br\/conecte-se\/#breadcrumb","itemListElement":[{"@type":"ListItem","position":1,"name":"Home","item":"https:\/\/www.ffbetania.net\/pt-br\/"},{"@type":"ListItem","position":2,"name":"Conecte-se"}]},{"@type":"WebSite","@id":"https:\/\/www.ffbetania.net\/pt-br\/#website","url":"https:\/\/www.ffbetania.net\/pt-br\/","name":"Fraternit\u00e0 Francescana di Betania","description":"La Fraternit\u00e0 Francescana di Betania \u00e8 lieta di rendervi partecipi di questa gioia","potentialAction":[{"@type":"SearchAction","target":{"@type":"EntryPoint","urlTemplate":"https:\/\/www.ffbetania.net\/pt-br\/?s={search_term_string}"},"query-input":{"@type":"PropertyValueSpecification","valueRequired":true,"valueName":"search_term_string"}}],"inLanguage":"pt-BR"}]}},"_links":{"self":[{"href":"https:\/\/www.ffbetania.net\/pt-br\/wp-json\/wp\/v2\/pages\/247619","targetHints":{"allow":["GET"]}}],"collection":[{"href":"https:\/\/www.ffbetania.net\/pt-br\/wp-json\/wp\/v2\/pages"}],"about":[{"href":"https:\/\/www.ffbetania.net\/pt-br\/wp-json\/wp\/v2\/types\/page"}],"author":[{"embeddable":true,"href":"https:\/\/www.ffbetania.net\/pt-br\/wp-json\/wp\/v2\/users\/1"}],"replies":[{"embeddable":true,"href":"https:\/\/www.ffbetania.net\/pt-br\/wp-json\/wp\/v2\/comments?post=247619"}],"version-history":[{"count":1,"href":"https:\/\/www.ffbetania.net\/pt-br\/wp-json\/wp\/v2\/pages\/247619\/revisions"}],"predecessor-version":[{"id":247620,"href":"https:\/\/www.ffbetania.net\/pt-br\/wp-json\/wp\/v2\/pages\/247619\/revisions\/247620"}],"wp:attachment":[{"href":"https:\/\/www.ffbetania.net\/pt-br\/wp-json\/wp\/v2\/media?parent=247619"}],"curies":[{"name":"wp","href":"https:\/\/api.w.org\/{rel}","templated":true}]}}