{"id":247665,"date":"2021-07-20T16:18:05","date_gmt":"2021-07-20T14:18:05","guid":{"rendered":"https:\/\/www.ffbetania.net\/projects\/account\/"},"modified":"2023-03-09T12:20:26","modified_gmt":"2023-03-09T11:20:26","slug":"account","status":"publish","type":"page","link":"https:\/\/www.ffbetania.net\/en\/projects\/account\/","title":{"rendered":"Account"},"content":{"rendered":"<p>[et_pb_section fb_built=&#8221;1&#8243; _builder_version=&#8221;4.16&#8243; _module_preset=&#8221;default&#8221; global_colors_info=&#8221;{}&#8221;][et_pb_row _builder_version=&#8221;4.16&#8243; _module_preset=&#8221;default&#8221; global_colors_info=&#8221;{}&#8221;][et_pb_column type=&#8221;4_4&#8243; _builder_version=&#8221;4.16&#8243; _module_preset=&#8221;default&#8221; global_colors_info=&#8221;{}&#8221;][et_pb_tabs _builder_version=&#8221;4.16&#8243; _module_preset=&#8221;default&#8221; global_colors_info=&#8221;{}&#8221;][et_pb_tab title=&#8221;my data&#8221; _builder_version=&#8221;4.16&#8243; _module_preset=&#8221;default&#8221; global_colors_info=&#8221;{}&#8221;]<div class=\"charitable-login-form\">\n\t<div class=\"charitable-session-content\" data-template=\"notices\" data-args=\"[]\" style=\"display: none;\"><\/div><noscript><\/noscript><form name=\"loginform\" id=\"loginform\" action=\"https:\/\/www.ffbetania.net\/wp-login.php\" method=\"post\"><p class=\"login-username\">\n\t\t\t\t<label for=\"user_login\">Username or Email Address<\/label>\n\t\t\t\t<input type=\"text\" name=\"log\" id=\"user_login\" autocomplete=\"username\" class=\"input\" value=\"\" size=\"20\" \/>\n\t\t\t<\/p><p class=\"login-password\">\n\t\t\t\t<label for=\"user_pass\">Password<\/label>\n\t\t\t\t<input type=\"password\" name=\"pwd\" id=\"user_pass\" autocomplete=\"current-password\" spellcheck=\"false\" class=\"input\" value=\"\" size=\"20\" \/>\n\t\t\t<\/p><p class=\"login-remember\"><label><input name=\"rememberme\" type=\"checkbox\" id=\"rememberme\" value=\"forever\" \/> Remember Me<\/label><\/p><p class=\"login-submit\">\n\t\t\t\t<input type=\"submit\" name=\"wp-submit\" id=\"wp-submit\" class=\"button button-primary\" value=\"Log In\" \/>\n\t\t\t\t<input type=\"hidden\" name=\"redirect_to\" value=\"https:\/\/www.ffbetania.net\/en\/wp-json\/wp\/v2\/pages\/247665\/\" \/>\n\t\t\t<\/p><input type=\"hidden\" name=\"charitable\" value=\"1\" \/><\/form>\t<p>\n\t\t\t\t\t<a href=\"https:\/\/www.ffbetania.net\/en\/sign-in\/?redirect_to=https%3A%2F%2Fwww.ffbetania.net%2Fen%2Fwp-json%2Fwp%2Fv2%2Fpages%2F247665%2F\">Register<\/a>&nbsp;|&nbsp;\n\t\t\t\t<a href=\"https:\/\/www.ffbetania.net\/en\/log-in\/forgot-password\/\">Forgot Password<\/a>\n\t<\/p>\n\t<\/div>\n[\/et_pb_tab][et_pb_tab title=&#8221;my fundraising campaigns&#8221; _builder_version=&#8221;4.16&#8243; _module_preset=&#8221;default&#8221; global_colors_info=&#8221;{}&#8221;]<div class=\"charitable-login-form\">\n\t<div class=\"charitable-session-content\" data-template=\"notices\" data-args=\"[]\" style=\"display: none;\"><\/div><noscript><\/noscript><form name=\"loginform\" id=\"loginform\" action=\"https:\/\/www.ffbetania.net\/wp-login.php\" method=\"post\"><p class=\"login-username\">\n\t\t\t\t<label for=\"user_login\">Username or Email Address<\/label>\n\t\t\t\t<input type=\"text\" name=\"log\" id=\"user_login\" autocomplete=\"username\" class=\"input\" value=\"\" size=\"20\" \/>\n\t\t\t<\/p><p class=\"login-password\">\n\t\t\t\t<label for=\"user_pass\">Password<\/label>\n\t\t\t\t<input type=\"password\" name=\"pwd\" id=\"user_pass\" autocomplete=\"current-password\" spellcheck=\"false\" class=\"input\" value=\"\" size=\"20\" \/>\n\t\t\t<\/p><p class=\"login-remember\"><label><input name=\"rememberme\" type=\"checkbox\" id=\"rememberme\" value=\"forever\" \/> Remember Me<\/label><\/p><p class=\"login-submit\">\n\t\t\t\t<input type=\"submit\" name=\"wp-submit\" id=\"wp-submit\" class=\"button button-primary\" value=\"Log In\" \/>\n\t\t\t\t<input type=\"hidden\" name=\"redirect_to\" value=\"https:\/\/www.ffbetania.net\/en\/wp-json\/wp\/v2\/pages\/247665\/\" \/>\n\t\t\t<\/p><input type=\"hidden\" name=\"charitable\" value=\"1\" \/><\/form>\t<p>\n\t\t\t\t\t<a href=\"https:\/\/www.ffbetania.net\/en\/sign-in\/?redirect_to=https%3A%2F%2Fwww.ffbetania.net%2Fen%2Fwp-json%2Fwp%2Fv2%2Fpages%2F247665%2F\">Register<\/a>&nbsp;|&nbsp;\n\t\t\t\t<a href=\"https:\/\/www.ffbetania.net\/en\/log-in\/forgot-password\/\">Forgot Password<\/a>\n\t<\/p>\n\t<\/div>\n[\/et_pb_tab][\/et_pb_tabs][\/et_pb_column][\/et_pb_row][\/et_pb_section]<\/p>\n","protected":false},"excerpt":{"rendered":"<p><div class=\"charitable-login-form\">\n\t<div class=\"charitable-session-content\" data-template=\"notices\" data-args=\"[]\" style=\"display: none;\"><\/div><noscript><\/noscript><form name=\"loginform\" id=\"loginform\" action=\"https:\/\/www.ffbetania.net\/wp-login.php\" method=\"post\"><p class=\"login-username\">\n\t\t\t\t<label for=\"user_login\">Username or Email Address<\/label>\n\t\t\t\t<input type=\"text\" name=\"log\" id=\"user_login\" autocomplete=\"username\" class=\"input\" value=\"\" size=\"20\" \/>\n\t\t\t<\/p><p class=\"login-password\">\n\t\t\t\t<label for=\"user_pass\">Password<\/label>\n\t\t\t\t<input type=\"password\" name=\"pwd\" id=\"user_pass\" autocomplete=\"current-password\" spellcheck=\"false\" class=\"input\" value=\"\" size=\"20\" \/>\n\t\t\t<\/p><p class=\"login-remember\"><label><input name=\"rememberme\" type=\"checkbox\" id=\"rememberme\" value=\"forever\" \/> Remember Me<\/label><\/p><p class=\"login-submit\">\n\t\t\t\t<input type=\"submit\" name=\"wp-submit\" id=\"wp-submit\" class=\"button button-primary\" value=\"Log In\" \/>\n\t\t\t\t<input type=\"hidden\" name=\"redirect_to\" value=\"https:\/\/www.ffbetania.net\/en\/wp-json\/wp\/v2\/pages\/247665\/\" \/>\n\t\t\t<\/p><input type=\"hidden\" name=\"charitable\" value=\"1\" \/><\/form>\t<p>\n\t\t\t\t\t<a href=\"https:\/\/www.ffbetania.net\/en\/sign-in\/?redirect_to=https%3A%2F%2Fwww.ffbetania.net%2Fen%2Fwp-json%2Fwp%2Fv2%2Fpages%2F247665%2F\">Register<\/a>&nbsp;|&nbsp;\n\t\t\t\t<a href=\"https:\/\/www.ffbetania.net\/en\/log-in\/forgot-password\/\">Forgot Password<\/a>\n\t<\/p>\n\t<\/div>\n<div class=\"charitable-login-form\">\n\t<div class=\"charitable-session-content\" data-template=\"notices\" data-args=\"[]\" style=\"display: none;\"><\/div><noscript><\/noscript><form name=\"loginform\" id=\"loginform\" action=\"https:\/\/www.ffbetania.net\/wp-login.php\" method=\"post\"><p class=\"login-username\">\n\t\t\t\t<label for=\"user_login\">Username or Email Address<\/label>\n\t\t\t\t<input type=\"text\" name=\"log\" id=\"user_login\" autocomplete=\"username\" class=\"input\" value=\"\" size=\"20\" \/>\n\t\t\t<\/p><p class=\"login-password\">\n\t\t\t\t<label for=\"user_pass\">Password<\/label>\n\t\t\t\t<input type=\"password\" name=\"pwd\" id=\"user_pass\" autocomplete=\"current-password\" spellcheck=\"false\" class=\"input\" value=\"\" size=\"20\" \/>\n\t\t\t<\/p><p class=\"login-remember\"><label><input name=\"rememberme\" type=\"checkbox\" id=\"rememberme\" value=\"forever\" \/> Remember Me<\/label><\/p><p class=\"login-submit\">\n\t\t\t\t<input type=\"submit\" name=\"wp-submit\" id=\"wp-submit\" class=\"button button-primary\" value=\"Log In\" \/>\n\t\t\t\t<input type=\"hidden\" name=\"redirect_to\" value=\"https:\/\/www.ffbetania.net\/en\/wp-json\/wp\/v2\/pages\/247665\/\" \/>\n\t\t\t<\/p><input type=\"hidden\" name=\"charitable\" value=\"1\" \/><\/form>\t<p>\n\t\t\t\t\t<a href=\"https:\/\/www.ffbetania.net\/en\/sign-in\/?redirect_to=https%3A%2F%2Fwww.ffbetania.net%2Fen%2Fwp-json%2Fwp%2Fv2%2Fpages%2F247665%2F\">Register<\/a>&nbsp;|&nbsp;\n\t\t\t\t<a href=\"https:\/\/www.ffbetania.net\/en\/log-in\/forgot-password\/\">Forgot Password<\/a>\n\t<\/p>\n\t<\/div>\n<\/p>\n","protected":false},"author":1,"featured_media":245270,"parent":247638,"menu_order":0,"comment_status":"closed","ping_status":"closed","template":"","meta":{"_et_pb_use_builder":"on","_et_pb_old_content":"","_et_gb_content_width":"","footnotes":""},"class_list":["post-247665","page","type-page","status-publish","has-post-thumbnail","hentry"],"yoast_head":"<!-- This site is optimized with the Yoast SEO plugin v27.5 - https:\/\/yoast.com\/product\/yoast-seo-wordpress\/ -->\n<title>Account - Fraternit\u00e0 Francescana di Betania<\/title>\n<meta name=\"robots\" content=\"index, follow, max-snippet:-1, max-image-preview:large, max-video-preview:-1\" \/>\n<link rel=\"canonical\" href=\"https:\/\/www.ffbetania.net\/en\/projects\/account\/\" \/>\n<meta property=\"og:locale\" content=\"en_US\" \/>\n<meta property=\"og:type\" content=\"article\" \/>\n<meta property=\"og:title\" content=\"Account - Fraternit\u00e0 Francescana di Betania\" \/>\n<meta property=\"og:url\" content=\"https:\/\/www.ffbetania.net\/en\/projects\/account\/\" \/>\n<meta property=\"og:site_name\" content=\"Fraternit\u00e0 Francescana di Betania\" \/>\n<meta property=\"article:modified_time\" content=\"2023-03-09T11:20:26+00:00\" \/>\n<meta property=\"og:image\" content=\"https:\/\/www.ffbetania.net\/wp-content\/uploads\/2022\/08\/profilo.png\" \/>\n\t<meta property=\"og:image:width\" content=\"1920\" \/>\n\t<meta property=\"og:image:height\" content=\"533\" \/>\n\t<meta property=\"og:image:type\" content=\"image\/png\" \/>\n<meta name=\"twitter:card\" content=\"summary_large_image\" \/>\n<meta name=\"twitter:description\" content=\"[charitable_profile][charitable_my_campaigns]\" \/>\n<script type=\"application\/ld+json\" class=\"yoast-schema-graph\">{\"@context\":\"https:\\\/\\\/schema.org\",\"@graph\":[{\"@type\":\"WebPage\",\"@id\":\"https:\\\/\\\/www.ffbetania.net\\\/en\\\/projects\\\/account\\\/\",\"url\":\"https:\\\/\\\/www.ffbetania.net\\\/en\\\/projects\\\/account\\\/\",\"name\":\"Account - Fraternit\u00e0 Francescana di Betania\",\"isPartOf\":{\"@id\":\"https:\\\/\\\/www.ffbetania.net\\\/en\\\/#website\"},\"primaryImageOfPage\":{\"@id\":\"https:\\\/\\\/www.ffbetania.net\\\/en\\\/projects\\\/account\\\/#primaryimage\"},\"image\":{\"@id\":\"https:\\\/\\\/www.ffbetania.net\\\/en\\\/projects\\\/account\\\/#primaryimage\"},\"thumbnailUrl\":\"https:\\\/\\\/www.ffbetania.net\\\/wp-content\\\/uploads\\\/2022\\\/08\\\/profilo.png\",\"datePublished\":\"2021-07-20T14:18:05+00:00\",\"dateModified\":\"2023-03-09T11:20:26+00:00\",\"breadcrumb\":{\"@id\":\"https:\\\/\\\/www.ffbetania.net\\\/en\\\/projects\\\/account\\\/#breadcrumb\"},\"inLanguage\":\"en-US\",\"potentialAction\":[{\"@type\":\"ReadAction\",\"target\":[\"https:\\\/\\\/www.ffbetania.net\\\/en\\\/projects\\\/account\\\/\"]}]},{\"@type\":\"ImageObject\",\"inLanguage\":\"en-US\",\"@id\":\"https:\\\/\\\/www.ffbetania.net\\\/en\\\/projects\\\/account\\\/#primaryimage\",\"url\":\"https:\\\/\\\/www.ffbetania.net\\\/wp-content\\\/uploads\\\/2022\\\/08\\\/profilo.png\",\"contentUrl\":\"https:\\\/\\\/www.ffbetania.net\\\/wp-content\\\/uploads\\\/2022\\\/08\\\/profilo.png\",\"width\":1920,\"height\":533},{\"@type\":\"BreadcrumbList\",\"@id\":\"https:\\\/\\\/www.ffbetania.net\\\/en\\\/projects\\\/account\\\/#breadcrumb\",\"itemListElement\":[{\"@type\":\"ListItem\",\"position\":1,\"name\":\"Home\",\"item\":\"https:\\\/\\\/www.ffbetania.net\\\/en\\\/\"},{\"@type\":\"ListItem\",\"position\":2,\"name\":\"Projects\",\"item\":\"https:\\\/\\\/www.ffbetania.net\\\/en\\\/projects\\\/\"},{\"@type\":\"ListItem\",\"position\":3,\"name\":\"Account\"}]},{\"@type\":\"WebSite\",\"@id\":\"https:\\\/\\\/www.ffbetania.net\\\/en\\\/#website\",\"url\":\"https:\\\/\\\/www.ffbetania.net\\\/en\\\/\",\"name\":\"Fraternit\u00e0 Francescana di Betania\",\"description\":\"La Fraternit\u00e0 Francescana di Betania \u00e8 lieta di rendervi partecipi di questa gioia\",\"potentialAction\":[{\"@type\":\"SearchAction\",\"target\":{\"@type\":\"EntryPoint\",\"urlTemplate\":\"https:\\\/\\\/www.ffbetania.net\\\/en\\\/?s={search_term_string}\"},\"query-input\":{\"@type\":\"PropertyValueSpecification\",\"valueRequired\":true,\"valueName\":\"search_term_string\"}}],\"inLanguage\":\"en-US\"}]}<\/script>\n<!-- \/ Yoast SEO plugin. -->","yoast_head_json":{"title":"Account - Fraternit\u00e0 Francescana di Betania","robots":{"index":"index","follow":"follow","max-snippet":"max-snippet:-1","max-image-preview":"max-image-preview:large","max-video-preview":"max-video-preview:-1"},"canonical":"https:\/\/www.ffbetania.net\/en\/projects\/account\/","og_locale":"en_US","og_type":"article","og_title":"Account - Fraternit\u00e0 Francescana di Betania","og_url":"https:\/\/www.ffbetania.net\/en\/projects\/account\/","og_site_name":"Fraternit\u00e0 Francescana di Betania","article_modified_time":"2023-03-09T11:20:26+00:00","og_image":[{"width":1920,"height":533,"url":"https:\/\/www.ffbetania.net\/wp-content\/uploads\/2022\/08\/profilo.png","type":"image\/png"}],"twitter_card":"summary_large_image","twitter_description":"[charitable_profile][charitable_my_campaigns]","schema":{"@context":"https:\/\/schema.org","@graph":[{"@type":"WebPage","@id":"https:\/\/www.ffbetania.net\/en\/projects\/account\/","url":"https:\/\/www.ffbetania.net\/en\/projects\/account\/","name":"Account - Fraternit\u00e0 Francescana di Betania","isPartOf":{"@id":"https:\/\/www.ffbetania.net\/en\/#website"},"primaryImageOfPage":{"@id":"https:\/\/www.ffbetania.net\/en\/projects\/account\/#primaryimage"},"image":{"@id":"https:\/\/www.ffbetania.net\/en\/projects\/account\/#primaryimage"},"thumbnailUrl":"https:\/\/www.ffbetania.net\/wp-content\/uploads\/2022\/08\/profilo.png","datePublished":"2021-07-20T14:18:05+00:00","dateModified":"2023-03-09T11:20:26+00:00","breadcrumb":{"@id":"https:\/\/www.ffbetania.net\/en\/projects\/account\/#breadcrumb"},"inLanguage":"en-US","potentialAction":[{"@type":"ReadAction","target":["https:\/\/www.ffbetania.net\/en\/projects\/account\/"]}]},{"@type":"ImageObject","inLanguage":"en-US","@id":"https:\/\/www.ffbetania.net\/en\/projects\/account\/#primaryimage","url":"https:\/\/www.ffbetania.net\/wp-content\/uploads\/2022\/08\/profilo.png","contentUrl":"https:\/\/www.ffbetania.net\/wp-content\/uploads\/2022\/08\/profilo.png","width":1920,"height":533},{"@type":"BreadcrumbList","@id":"https:\/\/www.ffbetania.net\/en\/projects\/account\/#breadcrumb","itemListElement":[{"@type":"ListItem","position":1,"name":"Home","item":"https:\/\/www.ffbetania.net\/en\/"},{"@type":"ListItem","position":2,"name":"Projects","item":"https:\/\/www.ffbetania.net\/en\/projects\/"},{"@type":"ListItem","position":3,"name":"Account"}]},{"@type":"WebSite","@id":"https:\/\/www.ffbetania.net\/en\/#website","url":"https:\/\/www.ffbetania.net\/en\/","name":"Fraternit\u00e0 Francescana di Betania","description":"La Fraternit\u00e0 Francescana di Betania \u00e8 lieta di rendervi partecipi di questa gioia","potentialAction":[{"@type":"SearchAction","target":{"@type":"EntryPoint","urlTemplate":"https:\/\/www.ffbetania.net\/en\/?s={search_term_string}"},"query-input":{"@type":"PropertyValueSpecification","valueRequired":true,"valueName":"search_term_string"}}],"inLanguage":"en-US"}]}},"_links":{"self":[{"href":"https:\/\/www.ffbetania.net\/en\/wp-json\/wp\/v2\/pages\/247665","targetHints":{"allow":["GET"]}}],"collection":[{"href":"https:\/\/www.ffbetania.net\/en\/wp-json\/wp\/v2\/pages"}],"about":[{"href":"https:\/\/www.ffbetania.net\/en\/wp-json\/wp\/v2\/types\/page"}],"author":[{"embeddable":true,"href":"https:\/\/www.ffbetania.net\/en\/wp-json\/wp\/v2\/users\/1"}],"replies":[{"embeddable":true,"href":"https:\/\/www.ffbetania.net\/en\/wp-json\/wp\/v2\/comments?post=247665"}],"version-history":[{"count":2,"href":"https:\/\/www.ffbetania.net\/en\/wp-json\/wp\/v2\/pages\/247665\/revisions"}],"predecessor-version":[{"id":247667,"href":"https:\/\/www.ffbetania.net\/en\/wp-json\/wp\/v2\/pages\/247665\/revisions\/247667"}],"up":[{"embeddable":true,"href":"https:\/\/www.ffbetania.net\/en\/wp-json\/wp\/v2\/pages\/247638"}],"wp:featuredmedia":[{"embeddable":true,"href":"https:\/\/www.ffbetania.net\/en\/wp-json\/wp\/v2\/media\/245270"}],"wp:attachment":[{"href":"https:\/\/www.ffbetania.net\/en\/wp-json\/wp\/v2\/media?parent=247665"}],"curies":[{"name":"wp","href":"https:\/\/api.w.org\/{rel}","templated":true}]}}