{"id":247321,"date":"2021-09-06T10:25:24","date_gmt":"2021-09-06T08:25:24","guid":{"rendered":"https:\/\/www.ffbetania.net\/fraternity-houses\/"},"modified":"2023-03-02T12:15:55","modified_gmt":"2023-03-02T11:15:55","slug":"fraternity-houses","status":"publish","type":"page","link":"https:\/\/www.ffbetania.net\/en\/fraternity-houses\/","title":{"rendered":"Fraternity houses"},"content":{"rendered":"<p>[et_pb_section fb_built=&#8221;1&#8243; admin_label=&#8221;Case&#8221; _builder_version=&#8221;4.16&#8243; _module_preset=&#8221;default&#8221; hover_enabled=&#8221;0&#8243; saved_tabs=&#8221;all&#8221; collapsed=&#8221;off&#8221; global_colors_info=&#8221;{}&#8221; sticky_enabled=&#8221;0&#8243;][et_pb_row module_id=&#8221;map-circle&#8221; _builder_version=&#8221;4.16&#8243; _module_preset=&#8221;ac2d3ec9-86f4-468c-b8d7-06f9a50cd0a1&#8243; global_colors_info=&#8221;{}&#8221;][et_pb_column type=&#8221;4_4&#8243; _builder_version=&#8221;4.16&#8243; _module_preset=&#8221;default&#8221; global_colors_info=&#8221;{}&#8221;][et_pb_code _builder_version=&#8221;4.16&#8243; _module_preset=&#8221;default&#8221; width_last_edited=&#8221;off|desktop&#8221; global_colors_info=&#8221;{}&#8221;]\t\t<div id=\"maps-marker-pro-44537ce5\" class=\"maps-marker-pro\" style=\"width: 500px;\">\r\n\t\t\t<div id=\"mmp-map-wrap-44537ce5\" class=\"mmp-map-wrap\">\r\n\t\t\t\t\t\t\t\t<div id=\"mmp-map-44537ce5\" class=\"mmp-map\" style=\"height: 500px;\"><\/div>\r\n\t\t\t\t\t\t\t<\/div>\r\n\t\t\t\t\t<\/div>\r\n\t\t[\/et_pb_code][\/et_pb_column][\/et_pb_row][et_pb_row gutter_width=&#8221;1&#8243; make_equal=&#8221;on&#8221; _builder_version=&#8221;4.16&#8243; _module_preset=&#8221;default&#8221; z_index=&#8221;1&#8243; custom_margin=&#8221;0px|0px|0px|0px|true|true&#8221; custom_padding=&#8221;0px|0%|0px|0%|true|true&#8221; border_radii=&#8221;on|0px|0px|0px|0px&#8221; border_color_all=&#8221;RGBA(0,0,0,0)&#8221; global_colors_info=&#8221;{}&#8221;][et_pb_column type=&#8221;4_4&#8243; _builder_version=&#8221;4.16&#8243; _module_preset=&#8221;default&#8221; global_colors_info=&#8221;{}&#8221;][et_pb_code _builder_version=&#8221;4.16&#8243; _module_preset=&#8221;default&#8221; global_colors_info=&#8221;{}&#8221;]\t\t<div id=\"maps-marker-pro-edf766ea\" class=\"maps-marker-pro mmp-list-below\" style=\"width: 100%;\">\r\n\t\t\t<div id=\"mmp-map-wrap-edf766ea\" class=\"mmp-map-wrap\">\r\n\t\t\t\t\t\t\t\t<div id=\"mmp-map-edf766ea\" class=\"mmp-map\" style=\"height: 600px;\"><\/div>\r\n\t\t\t\t\t\t\t<\/div>\r\n\t\t\t\t\t\t\t<div id=\"mmp-list-edf766ea\" class=\"mmp-list\" style=\"flex-basis: 400px;\"><\/div>\r\n\t\t\t\t\t<\/div>\r\n\t\t[\/et_pb_code][\/et_pb_column][\/et_pb_row][\/et_pb_section]<\/p>\n","protected":false},"excerpt":{"rendered":"<p>\t\t<div id=\"maps-marker-pro-ace26027\" class=\"maps-marker-pro\" style=\"width: 500px;\">\r\n\t\t\t<div id=\"mmp-map-wrap-ace26027\" class=\"mmp-map-wrap\">\r\n\t\t\t\t\t\t\t\t<div id=\"mmp-map-ace26027\" class=\"mmp-map\" style=\"height: 500px;\"><\/div>\r\n\t\t\t\t\t\t\t<\/div>\r\n\t\t\t\t\t<\/div>\r\n\t\t\t\t<div id=\"maps-marker-pro-3c3e6004\" class=\"maps-marker-pro mmp-list-below\" style=\"width: 100%;\">\r\n\t\t\t<div id=\"mmp-map-wrap-3c3e6004\" class=\"mmp-map-wrap\">\r\n\t\t\t\t\t\t\t\t<div id=\"mmp-map-3c3e6004\" class=\"mmp-map\" style=\"height: 600px;\"><\/div>\r\n\t\t\t\t\t\t\t<\/div>\r\n\t\t\t\t\t\t\t<div id=\"mmp-list-3c3e6004\" class=\"mmp-list\" style=\"flex-basis: 400px;\"><\/div>\r\n\t\t\t\t\t<\/div>\r\n\t\t<\/p>\n","protected":false},"author":1,"featured_media":237941,"parent":0,"menu_order":0,"comment_status":"closed","ping_status":"closed","template":"","meta":{"_et_pb_use_builder":"on","_et_pb_old_content":"","_et_gb_content_width":"","footnotes":""},"class_list":["post-247321","page","type-page","status-publish","has-post-thumbnail","hentry"],"yoast_head":"<!-- This site is optimized with the Yoast SEO plugin v27.5 - https:\/\/yoast.com\/product\/yoast-seo-wordpress\/ -->\n<title>Fraternity houses - Fraternit\u00e0 Francescana di Betania<\/title>\n<meta name=\"robots\" content=\"index, follow, max-snippet:-1, max-image-preview:large, max-video-preview:-1\" \/>\n<link rel=\"canonical\" href=\"https:\/\/www.ffbetania.net\/en\/fraternity-houses\/\" \/>\n<meta property=\"og:locale\" content=\"en_US\" \/>\n<meta property=\"og:type\" content=\"article\" \/>\n<meta property=\"og:title\" content=\"Fraternity houses - Fraternit\u00e0 Francescana di Betania\" \/>\n<meta property=\"og:url\" content=\"https:\/\/www.ffbetania.net\/en\/fraternity-houses\/\" \/>\n<meta property=\"og:site_name\" content=\"Fraternit\u00e0 Francescana di Betania\" \/>\n<meta property=\"article:modified_time\" content=\"2023-03-02T11:15:55+00:00\" \/>\n<meta property=\"og:image\" content=\"https:\/\/www.ffbetania.net\/wp-content\/uploads\/2021\/11\/terlizzi-2005-020-min.jpg\" \/>\n\t<meta property=\"og:image:width\" content=\"1632\" \/>\n\t<meta property=\"og:image:height\" content=\"717\" \/>\n\t<meta property=\"og:image:type\" content=\"image\/jpeg\" \/>\n<meta name=\"twitter:card\" content=\"summary_large_image\" \/>\n<meta name=\"twitter:description\" content=\"[mapsmarker map=&quot;2&quot;][mapsmarker map=&quot;1&quot; list=&quot;1&quot;]\" \/>\n<meta name=\"twitter:label1\" content=\"Est. reading time\" \/>\n\t<meta name=\"twitter:data1\" content=\"1 minute\" \/>\n<script type=\"application\/ld+json\" class=\"yoast-schema-graph\">{\"@context\":\"https:\\\/\\\/schema.org\",\"@graph\":[{\"@type\":\"WebPage\",\"@id\":\"https:\\\/\\\/www.ffbetania.net\\\/en\\\/fraternity-houses\\\/\",\"url\":\"https:\\\/\\\/www.ffbetania.net\\\/en\\\/fraternity-houses\\\/\",\"name\":\"Fraternity houses - Fraternit\u00e0 Francescana di Betania\",\"isPartOf\":{\"@id\":\"https:\\\/\\\/www.ffbetania.net\\\/en\\\/#website\"},\"primaryImageOfPage\":{\"@id\":\"https:\\\/\\\/www.ffbetania.net\\\/en\\\/fraternity-houses\\\/#primaryimage\"},\"image\":{\"@id\":\"https:\\\/\\\/www.ffbetania.net\\\/en\\\/fraternity-houses\\\/#primaryimage\"},\"thumbnailUrl\":\"https:\\\/\\\/www.ffbetania.net\\\/wp-content\\\/uploads\\\/2021\\\/11\\\/terlizzi-2005-020-min.jpg\",\"datePublished\":\"2021-09-06T08:25:24+00:00\",\"dateModified\":\"2023-03-02T11:15:55+00:00\",\"breadcrumb\":{\"@id\":\"https:\\\/\\\/www.ffbetania.net\\\/en\\\/fraternity-houses\\\/#breadcrumb\"},\"inLanguage\":\"en-US\",\"potentialAction\":[{\"@type\":\"ReadAction\",\"target\":[\"https:\\\/\\\/www.ffbetania.net\\\/en\\\/fraternity-houses\\\/\"]}]},{\"@type\":\"ImageObject\",\"inLanguage\":\"en-US\",\"@id\":\"https:\\\/\\\/www.ffbetania.net\\\/en\\\/fraternity-houses\\\/#primaryimage\",\"url\":\"https:\\\/\\\/www.ffbetania.net\\\/wp-content\\\/uploads\\\/2021\\\/11\\\/terlizzi-2005-020-min.jpg\",\"contentUrl\":\"https:\\\/\\\/www.ffbetania.net\\\/wp-content\\\/uploads\\\/2021\\\/11\\\/terlizzi-2005-020-min.jpg\",\"width\":1632,\"height\":717},{\"@type\":\"BreadcrumbList\",\"@id\":\"https:\\\/\\\/www.ffbetania.net\\\/en\\\/fraternity-houses\\\/#breadcrumb\",\"itemListElement\":[{\"@type\":\"ListItem\",\"position\":1,\"name\":\"Home\",\"item\":\"https:\\\/\\\/www.ffbetania.net\\\/en\\\/\"},{\"@type\":\"ListItem\",\"position\":2,\"name\":\"Fraternity houses\"}]},{\"@type\":\"WebSite\",\"@id\":\"https:\\\/\\\/www.ffbetania.net\\\/en\\\/#website\",\"url\":\"https:\\\/\\\/www.ffbetania.net\\\/en\\\/\",\"name\":\"Fraternit\u00e0 Francescana di Betania\",\"description\":\"La Fraternit\u00e0 Francescana di Betania \u00e8 lieta di rendervi partecipi di questa gioia\",\"potentialAction\":[{\"@type\":\"SearchAction\",\"target\":{\"@type\":\"EntryPoint\",\"urlTemplate\":\"https:\\\/\\\/www.ffbetania.net\\\/en\\\/?s={search_term_string}\"},\"query-input\":{\"@type\":\"PropertyValueSpecification\",\"valueRequired\":true,\"valueName\":\"search_term_string\"}}],\"inLanguage\":\"en-US\"}]}<\/script>\n<!-- \/ Yoast SEO plugin. -->","yoast_head_json":{"title":"Fraternity houses - Fraternit\u00e0 Francescana di Betania","robots":{"index":"index","follow":"follow","max-snippet":"max-snippet:-1","max-image-preview":"max-image-preview:large","max-video-preview":"max-video-preview:-1"},"canonical":"https:\/\/www.ffbetania.net\/en\/fraternity-houses\/","og_locale":"en_US","og_type":"article","og_title":"Fraternity houses - Fraternit\u00e0 Francescana di Betania","og_url":"https:\/\/www.ffbetania.net\/en\/fraternity-houses\/","og_site_name":"Fraternit\u00e0 Francescana di Betania","article_modified_time":"2023-03-02T11:15:55+00:00","og_image":[{"width":1632,"height":717,"url":"https:\/\/www.ffbetania.net\/wp-content\/uploads\/2021\/11\/terlizzi-2005-020-min.jpg","type":"image\/jpeg"}],"twitter_card":"summary_large_image","twitter_description":"[mapsmarker map=\"2\"][mapsmarker map=\"1\" list=\"1\"]","twitter_misc":{"Est. reading time":"1 minute"},"schema":{"@context":"https:\/\/schema.org","@graph":[{"@type":"WebPage","@id":"https:\/\/www.ffbetania.net\/en\/fraternity-houses\/","url":"https:\/\/www.ffbetania.net\/en\/fraternity-houses\/","name":"Fraternity houses - Fraternit\u00e0 Francescana di Betania","isPartOf":{"@id":"https:\/\/www.ffbetania.net\/en\/#website"},"primaryImageOfPage":{"@id":"https:\/\/www.ffbetania.net\/en\/fraternity-houses\/#primaryimage"},"image":{"@id":"https:\/\/www.ffbetania.net\/en\/fraternity-houses\/#primaryimage"},"thumbnailUrl":"https:\/\/www.ffbetania.net\/wp-content\/uploads\/2021\/11\/terlizzi-2005-020-min.jpg","datePublished":"2021-09-06T08:25:24+00:00","dateModified":"2023-03-02T11:15:55+00:00","breadcrumb":{"@id":"https:\/\/www.ffbetania.net\/en\/fraternity-houses\/#breadcrumb"},"inLanguage":"en-US","potentialAction":[{"@type":"ReadAction","target":["https:\/\/www.ffbetania.net\/en\/fraternity-houses\/"]}]},{"@type":"ImageObject","inLanguage":"en-US","@id":"https:\/\/www.ffbetania.net\/en\/fraternity-houses\/#primaryimage","url":"https:\/\/www.ffbetania.net\/wp-content\/uploads\/2021\/11\/terlizzi-2005-020-min.jpg","contentUrl":"https:\/\/www.ffbetania.net\/wp-content\/uploads\/2021\/11\/terlizzi-2005-020-min.jpg","width":1632,"height":717},{"@type":"BreadcrumbList","@id":"https:\/\/www.ffbetania.net\/en\/fraternity-houses\/#breadcrumb","itemListElement":[{"@type":"ListItem","position":1,"name":"Home","item":"https:\/\/www.ffbetania.net\/en\/"},{"@type":"ListItem","position":2,"name":"Fraternity houses"}]},{"@type":"WebSite","@id":"https:\/\/www.ffbetania.net\/en\/#website","url":"https:\/\/www.ffbetania.net\/en\/","name":"Fraternit\u00e0 Francescana di Betania","description":"La Fraternit\u00e0 Francescana di Betania \u00e8 lieta di rendervi partecipi di questa gioia","potentialAction":[{"@type":"SearchAction","target":{"@type":"EntryPoint","urlTemplate":"https:\/\/www.ffbetania.net\/en\/?s={search_term_string}"},"query-input":{"@type":"PropertyValueSpecification","valueRequired":true,"valueName":"search_term_string"}}],"inLanguage":"en-US"}]}},"_links":{"self":[{"href":"https:\/\/www.ffbetania.net\/en\/wp-json\/wp\/v2\/pages\/247321","targetHints":{"allow":["GET"]}}],"collection":[{"href":"https:\/\/www.ffbetania.net\/en\/wp-json\/wp\/v2\/pages"}],"about":[{"href":"https:\/\/www.ffbetania.net\/en\/wp-json\/wp\/v2\/types\/page"}],"author":[{"embeddable":true,"href":"https:\/\/www.ffbetania.net\/en\/wp-json\/wp\/v2\/users\/1"}],"replies":[{"embeddable":true,"href":"https:\/\/www.ffbetania.net\/en\/wp-json\/wp\/v2\/comments?post=247321"}],"version-history":[{"count":1,"href":"https:\/\/www.ffbetania.net\/en\/wp-json\/wp\/v2\/pages\/247321\/revisions"}],"predecessor-version":[{"id":247322,"href":"https:\/\/www.ffbetania.net\/en\/wp-json\/wp\/v2\/pages\/247321\/revisions\/247322"}],"wp:featuredmedia":[{"embeddable":true,"href":"https:\/\/www.ffbetania.net\/en\/wp-json\/wp\/v2\/media\/237941"}],"wp:attachment":[{"href":"https:\/\/www.ffbetania.net\/en\/wp-json\/wp\/v2\/media?parent=247321"}],"curies":[{"name":"wp","href":"https:\/\/api.w.org\/{rel}","templated":true}]}}