{"id":247671,"date":"2021-07-20T16:18:05","date_gmt":"2021-07-20T14:18:05","guid":{"rendered":"https:\/\/www.ffbetania.net\/projekte\/account\/"},"modified":"2023-03-09T12:22:29","modified_gmt":"2023-03-09T11:22:29","slug":"account","status":"publish","type":"page","link":"https:\/\/www.ffbetania.net\/de\/projekte\/account\/","title":{"rendered":"Account"},"content":{"rendered":"<p>[et_pb_section fb_built=&#8220;1&#8243; _builder_version=&#8220;4.16&#8243; _module_preset=&#8220;default&#8220; global_colors_info=&#8220;{}&#8220;][et_pb_row _builder_version=&#8220;4.16&#8243; _module_preset=&#8220;default&#8220; global_colors_info=&#8220;{}&#8220;][et_pb_column type=&#8220;4_4&#8243; _builder_version=&#8220;4.16&#8243; _module_preset=&#8220;default&#8220; global_colors_info=&#8220;{}&#8220;][et_pb_tabs _builder_version=&#8220;4.16&#8243; _module_preset=&#8220;default&#8220; global_colors_info=&#8220;{}&#8220;][et_pb_tab title=&#8220;My data&#8220; _builder_version=&#8220;4.16&#8243; _module_preset=&#8220;default&#8220; global_colors_info=&#8220;{}&#8220;]<div class=\"charitable-login-form\">\n\t<div class=\"charitable-session-content\" data-template=\"notices\" data-args=\"[]\" style=\"display: none;\"><\/div><noscript><\/noscript><form name=\"loginform\" id=\"loginform\" action=\"https:\/\/www.ffbetania.net\/wp-login.php\" method=\"post\"><p class=\"login-username\">\n\t\t\t\t<label for=\"user_login\">Benutzername oder E-Mail-Adresse<\/label>\n\t\t\t\t<input type=\"text\" name=\"log\" id=\"user_login\" autocomplete=\"username\" class=\"input\" value=\"\" size=\"20\" \/>\n\t\t\t<\/p><p class=\"login-password\">\n\t\t\t\t<label for=\"user_pass\">Passwort<\/label>\n\t\t\t\t<input type=\"password\" name=\"pwd\" id=\"user_pass\" autocomplete=\"current-password\" spellcheck=\"false\" class=\"input\" value=\"\" size=\"20\" \/>\n\t\t\t<\/p><p class=\"login-remember\"><label><input name=\"rememberme\" type=\"checkbox\" id=\"rememberme\" value=\"forever\" \/> Angemeldet bleiben<\/label><\/p><p class=\"login-submit\">\n\t\t\t\t<input type=\"submit\" name=\"wp-submit\" id=\"wp-submit\" class=\"button button-primary\" value=\"Anmelden\" \/>\n\t\t\t\t<input type=\"hidden\" name=\"redirect_to\" value=\"https:\/\/www.ffbetania.net\/de\/wp-json\/wp\/v2\/pages\/247671\/\" \/>\n\t\t\t<\/p><input type=\"hidden\" name=\"charitable\" value=\"1\" \/><\/form>\t<p>\n\t\t\t\t\t<a href=\"https:\/\/www.ffbetania.net\/de\/anmelden\/?redirect_to=https%3A%2F%2Fwww.ffbetania.net%2Fde%2Fwp-json%2Fwp%2Fv2%2Fpages%2F247671%2F\">Registrieren<\/a>&nbsp;|&nbsp;\n\t\t\t\t<a href=\"https:\/\/www.ffbetania.net\/de\/anmeldung\/forgot-password\/\">Passwort vergessen<\/a>\n\t<\/p>\n\t<\/div>\n[\/et_pb_tab][et_pb_tab title=&#8220;my fundraising campaigns&#8220; _builder_version=&#8220;4.16&#8243; _module_preset=&#8220;default&#8220; global_colors_info=&#8220;{}&#8220;]<div class=\"charitable-login-form\">\n\t<div class=\"charitable-session-content\" data-template=\"notices\" data-args=\"[]\" style=\"display: none;\"><\/div><noscript><\/noscript><form name=\"loginform\" id=\"loginform\" action=\"https:\/\/www.ffbetania.net\/wp-login.php\" method=\"post\"><p class=\"login-username\">\n\t\t\t\t<label for=\"user_login\">Benutzername oder E-Mail-Adresse<\/label>\n\t\t\t\t<input type=\"text\" name=\"log\" id=\"user_login\" autocomplete=\"username\" class=\"input\" value=\"\" size=\"20\" \/>\n\t\t\t<\/p><p class=\"login-password\">\n\t\t\t\t<label for=\"user_pass\">Passwort<\/label>\n\t\t\t\t<input type=\"password\" name=\"pwd\" id=\"user_pass\" autocomplete=\"current-password\" spellcheck=\"false\" class=\"input\" value=\"\" size=\"20\" \/>\n\t\t\t<\/p><p class=\"login-remember\"><label><input name=\"rememberme\" type=\"checkbox\" id=\"rememberme\" value=\"forever\" \/> Angemeldet bleiben<\/label><\/p><p class=\"login-submit\">\n\t\t\t\t<input type=\"submit\" name=\"wp-submit\" id=\"wp-submit\" class=\"button button-primary\" value=\"Anmelden\" \/>\n\t\t\t\t<input type=\"hidden\" name=\"redirect_to\" value=\"https:\/\/www.ffbetania.net\/de\/wp-json\/wp\/v2\/pages\/247671\/\" \/>\n\t\t\t<\/p><input type=\"hidden\" name=\"charitable\" value=\"1\" \/><\/form>\t<p>\n\t\t\t\t\t<a href=\"https:\/\/www.ffbetania.net\/de\/anmelden\/?redirect_to=https%3A%2F%2Fwww.ffbetania.net%2Fde%2Fwp-json%2Fwp%2Fv2%2Fpages%2F247671%2F\">Registrieren<\/a>&nbsp;|&nbsp;\n\t\t\t\t<a href=\"https:\/\/www.ffbetania.net\/de\/anmeldung\/forgot-password\/\">Passwort vergessen<\/a>\n\t<\/p>\n\t<\/div>\n[\/et_pb_tab][\/et_pb_tabs][\/et_pb_column][\/et_pb_row][\/et_pb_section]<\/p>\n","protected":false},"excerpt":{"rendered":"<p><div class=\"charitable-login-form\">\n\t<div class=\"charitable-session-content\" data-template=\"notices\" data-args=\"[]\" style=\"display: none;\"><\/div><noscript><\/noscript><form name=\"loginform\" id=\"loginform\" action=\"https:\/\/www.ffbetania.net\/wp-login.php\" method=\"post\"><p class=\"login-username\">\n\t\t\t\t<label for=\"user_login\">Benutzername oder E-Mail-Adresse<\/label>\n\t\t\t\t<input type=\"text\" name=\"log\" id=\"user_login\" autocomplete=\"username\" class=\"input\" value=\"\" size=\"20\" \/>\n\t\t\t<\/p><p class=\"login-password\">\n\t\t\t\t<label for=\"user_pass\">Passwort<\/label>\n\t\t\t\t<input type=\"password\" name=\"pwd\" id=\"user_pass\" autocomplete=\"current-password\" spellcheck=\"false\" class=\"input\" value=\"\" size=\"20\" \/>\n\t\t\t<\/p><p class=\"login-remember\"><label><input name=\"rememberme\" type=\"checkbox\" id=\"rememberme\" value=\"forever\" \/> Angemeldet bleiben<\/label><\/p><p class=\"login-submit\">\n\t\t\t\t<input type=\"submit\" name=\"wp-submit\" id=\"wp-submit\" class=\"button button-primary\" value=\"Anmelden\" \/>\n\t\t\t\t<input type=\"hidden\" name=\"redirect_to\" value=\"https:\/\/www.ffbetania.net\/de\/wp-json\/wp\/v2\/pages\/247671\/\" \/>\n\t\t\t<\/p><input type=\"hidden\" name=\"charitable\" value=\"1\" \/><\/form>\t<p>\n\t\t\t\t\t<a href=\"https:\/\/www.ffbetania.net\/de\/anmelden\/?redirect_to=https%3A%2F%2Fwww.ffbetania.net%2Fde%2Fwp-json%2Fwp%2Fv2%2Fpages%2F247671%2F\">Registrieren<\/a>&nbsp;|&nbsp;\n\t\t\t\t<a href=\"https:\/\/www.ffbetania.net\/de\/anmeldung\/forgot-password\/\">Passwort vergessen<\/a>\n\t<\/p>\n\t<\/div>\n<div class=\"charitable-login-form\">\n\t<div class=\"charitable-session-content\" data-template=\"notices\" data-args=\"[]\" style=\"display: none;\"><\/div><noscript><\/noscript><form name=\"loginform\" id=\"loginform\" action=\"https:\/\/www.ffbetania.net\/wp-login.php\" method=\"post\"><p class=\"login-username\">\n\t\t\t\t<label for=\"user_login\">Benutzername oder E-Mail-Adresse<\/label>\n\t\t\t\t<input type=\"text\" name=\"log\" id=\"user_login\" autocomplete=\"username\" class=\"input\" value=\"\" size=\"20\" \/>\n\t\t\t<\/p><p class=\"login-password\">\n\t\t\t\t<label for=\"user_pass\">Passwort<\/label>\n\t\t\t\t<input type=\"password\" name=\"pwd\" id=\"user_pass\" autocomplete=\"current-password\" spellcheck=\"false\" class=\"input\" value=\"\" size=\"20\" \/>\n\t\t\t<\/p><p class=\"login-remember\"><label><input name=\"rememberme\" type=\"checkbox\" id=\"rememberme\" value=\"forever\" \/> Angemeldet bleiben<\/label><\/p><p class=\"login-submit\">\n\t\t\t\t<input type=\"submit\" name=\"wp-submit\" id=\"wp-submit\" class=\"button button-primary\" value=\"Anmelden\" \/>\n\t\t\t\t<input type=\"hidden\" name=\"redirect_to\" value=\"https:\/\/www.ffbetania.net\/de\/wp-json\/wp\/v2\/pages\/247671\/\" \/>\n\t\t\t<\/p><input type=\"hidden\" name=\"charitable\" value=\"1\" \/><\/form>\t<p>\n\t\t\t\t\t<a href=\"https:\/\/www.ffbetania.net\/de\/anmelden\/?redirect_to=https%3A%2F%2Fwww.ffbetania.net%2Fde%2Fwp-json%2Fwp%2Fv2%2Fpages%2F247671%2F\">Registrieren<\/a>&nbsp;|&nbsp;\n\t\t\t\t<a href=\"https:\/\/www.ffbetania.net\/de\/anmeldung\/forgot-password\/\">Passwort vergessen<\/a>\n\t<\/p>\n\t<\/div>\n<\/p>\n","protected":false},"author":1,"featured_media":245271,"parent":247650,"menu_order":0,"comment_status":"closed","ping_status":"closed","template":"","meta":{"_et_pb_use_builder":"on","_et_pb_old_content":"","_et_gb_content_width":"","footnotes":""},"class_list":["post-247671","page","type-page","status-publish","has-post-thumbnail","hentry"],"yoast_head":"<!-- This site is optimized with the Yoast SEO plugin v27.3 - https:\/\/yoast.com\/product\/yoast-seo-wordpress\/ -->\n<title>Account - Fraternit\u00e0 Francescana di Betania<\/title>\n<meta name=\"robots\" content=\"index, follow, max-snippet:-1, max-image-preview:large, max-video-preview:-1\" \/>\n<link rel=\"canonical\" href=\"https:\/\/www.ffbetania.net\/de\/projekte\/account\/\" \/>\n<meta property=\"og:locale\" content=\"de_DE\" \/>\n<meta property=\"og:type\" content=\"article\" \/>\n<meta property=\"og:title\" content=\"Account - Fraternit\u00e0 Francescana di Betania\" \/>\n<meta property=\"og:url\" content=\"https:\/\/www.ffbetania.net\/de\/projekte\/account\/\" \/>\n<meta property=\"og:site_name\" content=\"Fraternit\u00e0 Francescana di Betania\" \/>\n<meta property=\"article:modified_time\" content=\"2023-03-09T11:22:29+00:00\" \/>\n<meta property=\"og:image\" content=\"https:\/\/www.ffbetania.net\/wp-content\/uploads\/2022\/08\/profilo.png\" \/>\n\t<meta property=\"og:image:width\" content=\"1920\" \/>\n\t<meta property=\"og:image:height\" content=\"533\" \/>\n\t<meta property=\"og:image:type\" content=\"image\/png\" \/>\n<meta name=\"twitter:card\" content=\"summary_large_image\" \/>\n<meta name=\"twitter:description\" content=\"[charitable_profile][charitable_my_campaigns]\" \/>\n<script type=\"application\/ld+json\" class=\"yoast-schema-graph\">{\"@context\":\"https:\\\/\\\/schema.org\",\"@graph\":[{\"@type\":\"WebPage\",\"@id\":\"https:\\\/\\\/www.ffbetania.net\\\/de\\\/projekte\\\/account\\\/\",\"url\":\"https:\\\/\\\/www.ffbetania.net\\\/de\\\/projekte\\\/account\\\/\",\"name\":\"Account - Fraternit\u00e0 Francescana di Betania\",\"isPartOf\":{\"@id\":\"https:\\\/\\\/www.ffbetania.net\\\/de\\\/#website\"},\"primaryImageOfPage\":{\"@id\":\"https:\\\/\\\/www.ffbetania.net\\\/de\\\/projekte\\\/account\\\/#primaryimage\"},\"image\":{\"@id\":\"https:\\\/\\\/www.ffbetania.net\\\/de\\\/projekte\\\/account\\\/#primaryimage\"},\"thumbnailUrl\":\"https:\\\/\\\/www.ffbetania.net\\\/wp-content\\\/uploads\\\/2022\\\/08\\\/profilo.png\",\"datePublished\":\"2021-07-20T14:18:05+00:00\",\"dateModified\":\"2023-03-09T11:22:29+00:00\",\"breadcrumb\":{\"@id\":\"https:\\\/\\\/www.ffbetania.net\\\/de\\\/projekte\\\/account\\\/#breadcrumb\"},\"inLanguage\":\"de\",\"potentialAction\":[{\"@type\":\"ReadAction\",\"target\":[\"https:\\\/\\\/www.ffbetania.net\\\/de\\\/projekte\\\/account\\\/\"]}]},{\"@type\":\"ImageObject\",\"inLanguage\":\"de\",\"@id\":\"https:\\\/\\\/www.ffbetania.net\\\/de\\\/projekte\\\/account\\\/#primaryimage\",\"url\":\"https:\\\/\\\/www.ffbetania.net\\\/wp-content\\\/uploads\\\/2022\\\/08\\\/profilo.png\",\"contentUrl\":\"https:\\\/\\\/www.ffbetania.net\\\/wp-content\\\/uploads\\\/2022\\\/08\\\/profilo.png\",\"width\":1920,\"height\":533},{\"@type\":\"BreadcrumbList\",\"@id\":\"https:\\\/\\\/www.ffbetania.net\\\/de\\\/projekte\\\/account\\\/#breadcrumb\",\"itemListElement\":[{\"@type\":\"ListItem\",\"position\":1,\"name\":\"Home\",\"item\":\"https:\\\/\\\/www.ffbetania.net\\\/de\\\/\"},{\"@type\":\"ListItem\",\"position\":2,\"name\":\"Projekte\",\"item\":\"https:\\\/\\\/www.ffbetania.net\\\/de\\\/projekte\\\/\"},{\"@type\":\"ListItem\",\"position\":3,\"name\":\"Account\"}]},{\"@type\":\"WebSite\",\"@id\":\"https:\\\/\\\/www.ffbetania.net\\\/de\\\/#website\",\"url\":\"https:\\\/\\\/www.ffbetania.net\\\/de\\\/\",\"name\":\"Fraternit\u00e0 Francescana di Betania\",\"description\":\"La Fraternit\u00e0 Francescana di Betania \u00e8 lieta di rendervi partecipi di questa gioia\",\"potentialAction\":[{\"@type\":\"SearchAction\",\"target\":{\"@type\":\"EntryPoint\",\"urlTemplate\":\"https:\\\/\\\/www.ffbetania.net\\\/de\\\/?s={search_term_string}\"},\"query-input\":{\"@type\":\"PropertyValueSpecification\",\"valueRequired\":true,\"valueName\":\"search_term_string\"}}],\"inLanguage\":\"de\"}]}<\/script>\n<!-- \/ Yoast SEO plugin. -->","yoast_head_json":{"title":"Account - Fraternit\u00e0 Francescana di Betania","robots":{"index":"index","follow":"follow","max-snippet":"max-snippet:-1","max-image-preview":"max-image-preview:large","max-video-preview":"max-video-preview:-1"},"canonical":"https:\/\/www.ffbetania.net\/de\/projekte\/account\/","og_locale":"de_DE","og_type":"article","og_title":"Account - Fraternit\u00e0 Francescana di Betania","og_url":"https:\/\/www.ffbetania.net\/de\/projekte\/account\/","og_site_name":"Fraternit\u00e0 Francescana di Betania","article_modified_time":"2023-03-09T11:22:29+00:00","og_image":[{"width":1920,"height":533,"url":"https:\/\/www.ffbetania.net\/wp-content\/uploads\/2022\/08\/profilo.png","type":"image\/png"}],"twitter_card":"summary_large_image","twitter_description":"[charitable_profile][charitable_my_campaigns]","schema":{"@context":"https:\/\/schema.org","@graph":[{"@type":"WebPage","@id":"https:\/\/www.ffbetania.net\/de\/projekte\/account\/","url":"https:\/\/www.ffbetania.net\/de\/projekte\/account\/","name":"Account - Fraternit\u00e0 Francescana di Betania","isPartOf":{"@id":"https:\/\/www.ffbetania.net\/de\/#website"},"primaryImageOfPage":{"@id":"https:\/\/www.ffbetania.net\/de\/projekte\/account\/#primaryimage"},"image":{"@id":"https:\/\/www.ffbetania.net\/de\/projekte\/account\/#primaryimage"},"thumbnailUrl":"https:\/\/www.ffbetania.net\/wp-content\/uploads\/2022\/08\/profilo.png","datePublished":"2021-07-20T14:18:05+00:00","dateModified":"2023-03-09T11:22:29+00:00","breadcrumb":{"@id":"https:\/\/www.ffbetania.net\/de\/projekte\/account\/#breadcrumb"},"inLanguage":"de","potentialAction":[{"@type":"ReadAction","target":["https:\/\/www.ffbetania.net\/de\/projekte\/account\/"]}]},{"@type":"ImageObject","inLanguage":"de","@id":"https:\/\/www.ffbetania.net\/de\/projekte\/account\/#primaryimage","url":"https:\/\/www.ffbetania.net\/wp-content\/uploads\/2022\/08\/profilo.png","contentUrl":"https:\/\/www.ffbetania.net\/wp-content\/uploads\/2022\/08\/profilo.png","width":1920,"height":533},{"@type":"BreadcrumbList","@id":"https:\/\/www.ffbetania.net\/de\/projekte\/account\/#breadcrumb","itemListElement":[{"@type":"ListItem","position":1,"name":"Home","item":"https:\/\/www.ffbetania.net\/de\/"},{"@type":"ListItem","position":2,"name":"Projekte","item":"https:\/\/www.ffbetania.net\/de\/projekte\/"},{"@type":"ListItem","position":3,"name":"Account"}]},{"@type":"WebSite","@id":"https:\/\/www.ffbetania.net\/de\/#website","url":"https:\/\/www.ffbetania.net\/de\/","name":"Fraternit\u00e0 Francescana di Betania","description":"La Fraternit\u00e0 Francescana di Betania \u00e8 lieta di rendervi partecipi di questa gioia","potentialAction":[{"@type":"SearchAction","target":{"@type":"EntryPoint","urlTemplate":"https:\/\/www.ffbetania.net\/de\/?s={search_term_string}"},"query-input":{"@type":"PropertyValueSpecification","valueRequired":true,"valueName":"search_term_string"}}],"inLanguage":"de"}]}},"_links":{"self":[{"href":"https:\/\/www.ffbetania.net\/de\/wp-json\/wp\/v2\/pages\/247671","targetHints":{"allow":["GET"]}}],"collection":[{"href":"https:\/\/www.ffbetania.net\/de\/wp-json\/wp\/v2\/pages"}],"about":[{"href":"https:\/\/www.ffbetania.net\/de\/wp-json\/wp\/v2\/types\/page"}],"author":[{"embeddable":true,"href":"https:\/\/www.ffbetania.net\/de\/wp-json\/wp\/v2\/users\/1"}],"replies":[{"embeddable":true,"href":"https:\/\/www.ffbetania.net\/de\/wp-json\/wp\/v2\/comments?post=247671"}],"version-history":[{"count":2,"href":"https:\/\/www.ffbetania.net\/de\/wp-json\/wp\/v2\/pages\/247671\/revisions"}],"predecessor-version":[{"id":247673,"href":"https:\/\/www.ffbetania.net\/de\/wp-json\/wp\/v2\/pages\/247671\/revisions\/247673"}],"up":[{"embeddable":true,"href":"https:\/\/www.ffbetania.net\/de\/wp-json\/wp\/v2\/pages\/247650"}],"wp:featuredmedia":[{"embeddable":true,"href":"https:\/\/www.ffbetania.net\/de\/wp-json\/wp\/v2\/media\/245271"}],"wp:attachment":[{"href":"https:\/\/www.ffbetania.net\/de\/wp-json\/wp\/v2\/media?parent=247671"}],"curies":[{"name":"wp","href":"https:\/\/api.w.org\/{rel}","templated":true}]}}