{"id":247659,"date":"2021-07-20T15:53:50","date_gmt":"2021-07-20T13:53:50","guid":{"rendered":"https:\/\/www.ffbetania.net\/projekte\/danke-fuer-ihre-unterstuetzung\/"},"modified":"2023-03-09T12:14:59","modified_gmt":"2023-03-09T11:14:59","slug":"danke-fuer-ihre-unterstuetzung","status":"publish","type":"page","link":"https:\/\/www.ffbetania.net\/de\/projekte\/danke-fuer-ihre-unterstuetzung\/","title":{"rendered":"Danke f\u00fcr Ihre Unterst\u00fctzung"},"content":{"rendered":"<p>[et_pb_section fb_built=&#8220;1&#8243; _builder_version=&#8220;4.16&#8243; _module_preset=&#8220;default&#8220; global_colors_info=&#8220;{}&#8220;][et_pb_row _builder_version=&#8220;4.16&#8243; _module_preset=&#8220;default&#8220; global_colors_info=&#8220;{}&#8220;][et_pb_column type=&#8220;4_4&#8243; _builder_version=&#8220;4.16&#8243; _module_preset=&#8220;default&#8220; global_colors_info=&#8220;{}&#8220;][et_pb_text _builder_version=&#8220;4.16&#8243; _module_preset=&#8220;default&#8220; global_colors_info=&#8220;{}&#8220;]<\/p>\n<h4>Vielen Dank, dass Sie Ihre Spendenaktion vorgeschlagen haben.<\/h4>\n<p>Sie erhalten eine Best\u00e4tigungs-E-Mail, sobald Ihre Kampagne \u00fcberpr\u00fcft und ver\u00f6ffentlicht wurde.<\/p>\n<p>[\/et_pb_text][\/et_pb_column][\/et_pb_row][\/et_pb_section][et_pb_section fb_built=&#8220;1&#8243; _builder_version=&#8220;4.16&#8243; _module_preset=&#8220;default&#8220; global_colors_info=&#8220;{}&#8220;][et_pb_row _builder_version=&#8220;4.16&#8243; _module_preset=&#8220;default&#8220; global_colors_info=&#8220;{}&#8220;][et_pb_column type=&#8220;4_4&#8243; _builder_version=&#8220;4.16&#8243; _module_preset=&#8220;default&#8220; global_colors_info=&#8220;{}&#8220;][et_pb_text _builder_version=&#8220;4.16&#8243; _module_preset=&#8220;default&#8220; global_colors_info=&#8220;{}&#8220;]<\/p>\n\n<p>[\/et_pb_text][\/et_pb_column][\/et_pb_row][\/et_pb_section][et_pb_section fb_built=&#8220;1&#8243; admin_label=&#8220;Social&#8220; _builder_version=&#8220;4.16&#8243; _module_preset=&#8220;default&#8220; custom_padding=&#8220;10px||10px||true|false&#8220; global_colors_info=&#8220;{}&#8220;][et_pb_row _builder_version=&#8220;4.16&#8243; _module_preset=&#8220;default&#8220; global_colors_info=&#8220;{}&#8220;][et_pb_column type=&#8220;4_4&#8243; _builder_version=&#8220;4.16&#8243; _module_preset=&#8220;default&#8220; global_colors_info=&#8220;{}&#8220;][et_pb_text _builder_version=&#8220;4.16&#8243; _module_preset=&#8220;default&#8220; text_orientation=&#8220;center&#8220; custom_margin=&#8220;||17px|||&#8220; global_colors_info=&#8220;{}&#8220;]<\/p>\n<h3>Teile sie mit deinen Liebsten<\/h3>\n<p>[\/et_pb_text][et_pb_sidebar area=&#8220;et_pb_widget_area_1&#8243; _builder_version=&#8220;4.16&#8243; _module_preset=&#8220;default&#8220; text_orientation=&#8220;center&#8220; global_colors_info=&#8220;{}&#8220;][\/et_pb_sidebar][\/et_pb_column][\/et_pb_row][\/et_pb_section]<\/p>\n","protected":false},"excerpt":{"rendered":"<p>Vielen Dank, dass Sie Ihre Spendenaktion vorgeschlagen haben. Sie erhalten eine Best\u00e4tigungs-E-Mail, sobald Ihre Kampagne \u00fcberpr\u00fcft und ver\u00f6ffentlicht wurde.Teile sie mit deinen Liebsten<\/p>\n","protected":false},"author":1,"featured_media":245262,"parent":247650,"menu_order":0,"comment_status":"closed","ping_status":"closed","template":"","meta":{"_et_pb_use_builder":"on","_et_pb_old_content":"","_et_gb_content_width":"","footnotes":""},"class_list":["post-247659","page","type-page","status-publish","has-post-thumbnail","hentry"],"yoast_head":"<!-- This site is optimized with the Yoast SEO plugin v27.5 - https:\/\/yoast.com\/product\/yoast-seo-wordpress\/ -->\n<title>Danke f\u00fcr Ihre Unterst\u00fctzung - Fraternit\u00e0 Francescana di Betania<\/title>\n<meta name=\"robots\" content=\"index, follow, max-snippet:-1, max-image-preview:large, max-video-preview:-1\" \/>\n<link rel=\"canonical\" href=\"https:\/\/www.ffbetania.net\/de\/projekte\/danke-fuer-ihre-unterstuetzung\/\" \/>\n<meta property=\"og:locale\" content=\"de_DE\" \/>\n<meta property=\"og:type\" content=\"article\" \/>\n<meta property=\"og:title\" content=\"Danke f\u00fcr Ihre Unterst\u00fctzung - Fraternit\u00e0 Francescana di Betania\" \/>\n<meta property=\"og:description\" content=\"Vielen Dank, dass Sie Ihre Spendenaktion vorgeschlagen haben. Sie erhalten eine Best\u00e4tigungs-E-Mail, sobald Ihre Kampagne \u00fcberpr\u00fcft und ver\u00f6ffentlicht wurde.Teile sie mit deinen Liebsten\" \/>\n<meta property=\"og:url\" content=\"https:\/\/www.ffbetania.net\/de\/projekte\/danke-fuer-ihre-unterstuetzung\/\" \/>\n<meta property=\"og:site_name\" content=\"Fraternit\u00e0 Francescana di Betania\" \/>\n<meta property=\"article:modified_time\" content=\"2023-03-09T11:14:59+00:00\" \/>\n<meta property=\"og:image\" content=\"https:\/\/www.ffbetania.net\/wp-content\/uploads\/2022\/08\/grazie.png\" \/>\n\t<meta property=\"og:image:width\" content=\"1920\" \/>\n\t<meta property=\"og:image:height\" content=\"533\" \/>\n\t<meta property=\"og:image:type\" content=\"image\/png\" \/>\n<meta name=\"twitter:card\" content=\"summary_large_image\" \/>\n<meta name=\"twitter:label1\" content=\"Gesch\u00e4tzte Lesezeit\" \/>\n\t<meta name=\"twitter:data1\" content=\"1\u00a0Minute\" \/>\n<script type=\"application\/ld+json\" class=\"yoast-schema-graph\">{\"@context\":\"https:\\\/\\\/schema.org\",\"@graph\":[{\"@type\":\"WebPage\",\"@id\":\"https:\\\/\\\/www.ffbetania.net\\\/de\\\/projekte\\\/danke-fuer-ihre-unterstuetzung\\\/\",\"url\":\"https:\\\/\\\/www.ffbetania.net\\\/de\\\/projekte\\\/danke-fuer-ihre-unterstuetzung\\\/\",\"name\":\"Danke f\u00fcr Ihre Unterst\u00fctzung - Fraternit\u00e0 Francescana di Betania\",\"isPartOf\":{\"@id\":\"https:\\\/\\\/www.ffbetania.net\\\/de\\\/#website\"},\"primaryImageOfPage\":{\"@id\":\"https:\\\/\\\/www.ffbetania.net\\\/de\\\/projekte\\\/danke-fuer-ihre-unterstuetzung\\\/#primaryimage\"},\"image\":{\"@id\":\"https:\\\/\\\/www.ffbetania.net\\\/de\\\/projekte\\\/danke-fuer-ihre-unterstuetzung\\\/#primaryimage\"},\"thumbnailUrl\":\"https:\\\/\\\/www.ffbetania.net\\\/wp-content\\\/uploads\\\/2022\\\/08\\\/grazie.png\",\"datePublished\":\"2021-07-20T13:53:50+00:00\",\"dateModified\":\"2023-03-09T11:14:59+00:00\",\"breadcrumb\":{\"@id\":\"https:\\\/\\\/www.ffbetania.net\\\/de\\\/projekte\\\/danke-fuer-ihre-unterstuetzung\\\/#breadcrumb\"},\"inLanguage\":\"de\",\"potentialAction\":[{\"@type\":\"ReadAction\",\"target\":[\"https:\\\/\\\/www.ffbetania.net\\\/de\\\/projekte\\\/danke-fuer-ihre-unterstuetzung\\\/\"]}]},{\"@type\":\"ImageObject\",\"inLanguage\":\"de\",\"@id\":\"https:\\\/\\\/www.ffbetania.net\\\/de\\\/projekte\\\/danke-fuer-ihre-unterstuetzung\\\/#primaryimage\",\"url\":\"https:\\\/\\\/www.ffbetania.net\\\/wp-content\\\/uploads\\\/2022\\\/08\\\/grazie.png\",\"contentUrl\":\"https:\\\/\\\/www.ffbetania.net\\\/wp-content\\\/uploads\\\/2022\\\/08\\\/grazie.png\",\"width\":1920,\"height\":533},{\"@type\":\"BreadcrumbList\",\"@id\":\"https:\\\/\\\/www.ffbetania.net\\\/de\\\/projekte\\\/danke-fuer-ihre-unterstuetzung\\\/#breadcrumb\",\"itemListElement\":[{\"@type\":\"ListItem\",\"position\":1,\"name\":\"Home\",\"item\":\"https:\\\/\\\/www.ffbetania.net\\\/de\\\/\"},{\"@type\":\"ListItem\",\"position\":2,\"name\":\"Projekte\",\"item\":\"https:\\\/\\\/www.ffbetania.net\\\/de\\\/projekte\\\/\"},{\"@type\":\"ListItem\",\"position\":3,\"name\":\"Danke f\u00fcr Ihre Unterst\u00fctzung\"}]},{\"@type\":\"WebSite\",\"@id\":\"https:\\\/\\\/www.ffbetania.net\\\/de\\\/#website\",\"url\":\"https:\\\/\\\/www.ffbetania.net\\\/de\\\/\",\"name\":\"Fraternit\u00e0 Francescana di Betania\",\"description\":\"La Fraternit\u00e0 Francescana di Betania \u00e8 lieta di rendervi partecipi di questa gioia\",\"potentialAction\":[{\"@type\":\"SearchAction\",\"target\":{\"@type\":\"EntryPoint\",\"urlTemplate\":\"https:\\\/\\\/www.ffbetania.net\\\/de\\\/?s={search_term_string}\"},\"query-input\":{\"@type\":\"PropertyValueSpecification\",\"valueRequired\":true,\"valueName\":\"search_term_string\"}}],\"inLanguage\":\"de\"}]}<\/script>\n<!-- \/ Yoast SEO plugin. -->","yoast_head_json":{"title":"Danke f\u00fcr Ihre Unterst\u00fctzung - Fraternit\u00e0 Francescana di Betania","robots":{"index":"index","follow":"follow","max-snippet":"max-snippet:-1","max-image-preview":"max-image-preview:large","max-video-preview":"max-video-preview:-1"},"canonical":"https:\/\/www.ffbetania.net\/de\/projekte\/danke-fuer-ihre-unterstuetzung\/","og_locale":"de_DE","og_type":"article","og_title":"Danke f\u00fcr Ihre Unterst\u00fctzung - Fraternit\u00e0 Francescana di Betania","og_description":"Vielen Dank, dass Sie Ihre Spendenaktion vorgeschlagen haben. Sie erhalten eine Best\u00e4tigungs-E-Mail, sobald Ihre Kampagne \u00fcberpr\u00fcft und ver\u00f6ffentlicht wurde.Teile sie mit deinen Liebsten","og_url":"https:\/\/www.ffbetania.net\/de\/projekte\/danke-fuer-ihre-unterstuetzung\/","og_site_name":"Fraternit\u00e0 Francescana di Betania","article_modified_time":"2023-03-09T11:14:59+00:00","og_image":[{"width":1920,"height":533,"url":"https:\/\/www.ffbetania.net\/wp-content\/uploads\/2022\/08\/grazie.png","type":"image\/png"}],"twitter_card":"summary_large_image","twitter_misc":{"Gesch\u00e4tzte Lesezeit":"1\u00a0Minute"},"schema":{"@context":"https:\/\/schema.org","@graph":[{"@type":"WebPage","@id":"https:\/\/www.ffbetania.net\/de\/projekte\/danke-fuer-ihre-unterstuetzung\/","url":"https:\/\/www.ffbetania.net\/de\/projekte\/danke-fuer-ihre-unterstuetzung\/","name":"Danke f\u00fcr Ihre Unterst\u00fctzung - Fraternit\u00e0 Francescana di Betania","isPartOf":{"@id":"https:\/\/www.ffbetania.net\/de\/#website"},"primaryImageOfPage":{"@id":"https:\/\/www.ffbetania.net\/de\/projekte\/danke-fuer-ihre-unterstuetzung\/#primaryimage"},"image":{"@id":"https:\/\/www.ffbetania.net\/de\/projekte\/danke-fuer-ihre-unterstuetzung\/#primaryimage"},"thumbnailUrl":"https:\/\/www.ffbetania.net\/wp-content\/uploads\/2022\/08\/grazie.png","datePublished":"2021-07-20T13:53:50+00:00","dateModified":"2023-03-09T11:14:59+00:00","breadcrumb":{"@id":"https:\/\/www.ffbetania.net\/de\/projekte\/danke-fuer-ihre-unterstuetzung\/#breadcrumb"},"inLanguage":"de","potentialAction":[{"@type":"ReadAction","target":["https:\/\/www.ffbetania.net\/de\/projekte\/danke-fuer-ihre-unterstuetzung\/"]}]},{"@type":"ImageObject","inLanguage":"de","@id":"https:\/\/www.ffbetania.net\/de\/projekte\/danke-fuer-ihre-unterstuetzung\/#primaryimage","url":"https:\/\/www.ffbetania.net\/wp-content\/uploads\/2022\/08\/grazie.png","contentUrl":"https:\/\/www.ffbetania.net\/wp-content\/uploads\/2022\/08\/grazie.png","width":1920,"height":533},{"@type":"BreadcrumbList","@id":"https:\/\/www.ffbetania.net\/de\/projekte\/danke-fuer-ihre-unterstuetzung\/#breadcrumb","itemListElement":[{"@type":"ListItem","position":1,"name":"Home","item":"https:\/\/www.ffbetania.net\/de\/"},{"@type":"ListItem","position":2,"name":"Projekte","item":"https:\/\/www.ffbetania.net\/de\/projekte\/"},{"@type":"ListItem","position":3,"name":"Danke f\u00fcr Ihre Unterst\u00fctzung"}]},{"@type":"WebSite","@id":"https:\/\/www.ffbetania.net\/de\/#website","url":"https:\/\/www.ffbetania.net\/de\/","name":"Fraternit\u00e0 Francescana di Betania","description":"La Fraternit\u00e0 Francescana di Betania \u00e8 lieta di rendervi partecipi di questa gioia","potentialAction":[{"@type":"SearchAction","target":{"@type":"EntryPoint","urlTemplate":"https:\/\/www.ffbetania.net\/de\/?s={search_term_string}"},"query-input":{"@type":"PropertyValueSpecification","valueRequired":true,"valueName":"search_term_string"}}],"inLanguage":"de"}]}},"_links":{"self":[{"href":"https:\/\/www.ffbetania.net\/de\/wp-json\/wp\/v2\/pages\/247659","targetHints":{"allow":["GET"]}}],"collection":[{"href":"https:\/\/www.ffbetania.net\/de\/wp-json\/wp\/v2\/pages"}],"about":[{"href":"https:\/\/www.ffbetania.net\/de\/wp-json\/wp\/v2\/types\/page"}],"author":[{"embeddable":true,"href":"https:\/\/www.ffbetania.net\/de\/wp-json\/wp\/v2\/users\/1"}],"replies":[{"embeddable":true,"href":"https:\/\/www.ffbetania.net\/de\/wp-json\/wp\/v2\/comments?post=247659"}],"version-history":[{"count":2,"href":"https:\/\/www.ffbetania.net\/de\/wp-json\/wp\/v2\/pages\/247659\/revisions"}],"predecessor-version":[{"id":247661,"href":"https:\/\/www.ffbetania.net\/de\/wp-json\/wp\/v2\/pages\/247659\/revisions\/247661"}],"up":[{"embeddable":true,"href":"https:\/\/www.ffbetania.net\/de\/wp-json\/wp\/v2\/pages\/247650"}],"wp:featuredmedia":[{"embeddable":true,"href":"https:\/\/www.ffbetania.net\/de\/wp-json\/wp\/v2\/media\/245262"}],"wp:attachment":[{"href":"https:\/\/www.ffbetania.net\/de\/wp-json\/wp\/v2\/media?parent=247659"}],"curies":[{"name":"wp","href":"https:\/\/api.w.org\/{rel}","templated":true}]}}