{"id":247627,"date":"2021-07-20T15:50:58","date_gmt":"2021-07-20T13:50:58","guid":{"rendered":"https:\/\/www.ffbetania.net\/vielen-dank-fuer-ihre-spende\/"},"modified":"2023-03-09T11:53:30","modified_gmt":"2023-03-09T10:53:30","slug":"vielen-dank-fuer-ihre-spende","status":"publish","type":"page","link":"https:\/\/www.ffbetania.net\/de\/vielen-dank-fuer-ihre-spende\/","title":{"rendered":"Vielen Dank f\u00fcr Ihre Spende"},"content":{"rendered":"<p>[et_pb_section fb_built=&#8220;1&#8243; _builder_version=&#8220;4.16&#8243; _module_preset=&#8220;default&#8220; global_colors_info=&#8220;{}&#8220;][et_pb_row _builder_version=&#8220;4.16&#8243; _module_preset=&#8220;default&#8220; global_colors_info=&#8220;{}&#8220;][et_pb_column type=&#8220;4_4&#8243; _builder_version=&#8220;4.16&#8243; _module_preset=&#8220;default&#8220; global_colors_info=&#8220;{}&#8220;][et_pb_text _builder_version=&#8220;4.16&#8243; _module_preset=&#8220;default&#8220; global_colors_info=&#8220;{}&#8220;][\/et_pb_text][\/et_pb_column][\/et_pb_row][\/et_pb_section]<\/p>\n","protected":false},"excerpt":{"rendered":"\n","protected":false},"author":1,"featured_media":245262,"parent":0,"menu_order":0,"comment_status":"closed","ping_status":"closed","template":"","meta":{"_et_pb_use_builder":"on","_et_pb_old_content":"","_et_gb_content_width":"","footnotes":""},"class_list":["post-247627","page","type-page","status-publish","has-post-thumbnail","hentry"],"yoast_head":"<!-- This site is optimized with the Yoast SEO plugin v27.3 - https:\/\/yoast.com\/product\/yoast-seo-wordpress\/ -->\n<title>Vielen Dank f\u00fcr Ihre Spende - Fraternit\u00e0 Francescana di Betania<\/title>\n<meta name=\"robots\" content=\"index, follow, max-snippet:-1, max-image-preview:large, max-video-preview:-1\" \/>\n<link rel=\"canonical\" href=\"https:\/\/www.ffbetania.net\/de\/vielen-dank-fuer-ihre-spende\/\" \/>\n<meta property=\"og:locale\" content=\"de_DE\" \/>\n<meta property=\"og:type\" content=\"article\" \/>\n<meta property=\"og:title\" content=\"Vielen Dank f\u00fcr Ihre Spende - Fraternit\u00e0 Francescana di Betania\" \/>\n<meta property=\"og:url\" content=\"https:\/\/www.ffbetania.net\/de\/vielen-dank-fuer-ihre-spende\/\" \/>\n<meta property=\"og:site_name\" content=\"Fraternit\u00e0 Francescana di Betania\" \/>\n<meta property=\"article:modified_time\" content=\"2023-03-09T10:53:30+00:00\" \/>\n<meta property=\"og:image\" content=\"https:\/\/www.ffbetania.net\/wp-content\/uploads\/2022\/08\/grazie.png\" \/>\n\t<meta property=\"og:image:width\" content=\"1920\" \/>\n\t<meta property=\"og:image:height\" content=\"533\" \/>\n\t<meta property=\"og:image:type\" content=\"image\/png\" \/>\n<meta name=\"twitter:card\" content=\"summary_large_image\" \/>\n<meta name=\"twitter:description\" content=\"[donation_receipt]\" \/>\n<script type=\"application\/ld+json\" class=\"yoast-schema-graph\">{\"@context\":\"https:\\\/\\\/schema.org\",\"@graph\":[{\"@type\":\"WebPage\",\"@id\":\"https:\\\/\\\/www.ffbetania.net\\\/de\\\/vielen-dank-fuer-ihre-spende\\\/\",\"url\":\"https:\\\/\\\/www.ffbetania.net\\\/de\\\/vielen-dank-fuer-ihre-spende\\\/\",\"name\":\"Vielen Dank f\u00fcr Ihre Spende - Fraternit\u00e0 Francescana di Betania\",\"isPartOf\":{\"@id\":\"https:\\\/\\\/www.ffbetania.net\\\/de\\\/#website\"},\"primaryImageOfPage\":{\"@id\":\"https:\\\/\\\/www.ffbetania.net\\\/de\\\/vielen-dank-fuer-ihre-spende\\\/#primaryimage\"},\"image\":{\"@id\":\"https:\\\/\\\/www.ffbetania.net\\\/de\\\/vielen-dank-fuer-ihre-spende\\\/#primaryimage\"},\"thumbnailUrl\":\"https:\\\/\\\/www.ffbetania.net\\\/wp-content\\\/uploads\\\/2022\\\/08\\\/grazie.png\",\"datePublished\":\"2021-07-20T13:50:58+00:00\",\"dateModified\":\"2023-03-09T10:53:30+00:00\",\"breadcrumb\":{\"@id\":\"https:\\\/\\\/www.ffbetania.net\\\/de\\\/vielen-dank-fuer-ihre-spende\\\/#breadcrumb\"},\"inLanguage\":\"de\",\"potentialAction\":[{\"@type\":\"ReadAction\",\"target\":[\"https:\\\/\\\/www.ffbetania.net\\\/de\\\/vielen-dank-fuer-ihre-spende\\\/\"]}]},{\"@type\":\"ImageObject\",\"inLanguage\":\"de\",\"@id\":\"https:\\\/\\\/www.ffbetania.net\\\/de\\\/vielen-dank-fuer-ihre-spende\\\/#primaryimage\",\"url\":\"https:\\\/\\\/www.ffbetania.net\\\/wp-content\\\/uploads\\\/2022\\\/08\\\/grazie.png\",\"contentUrl\":\"https:\\\/\\\/www.ffbetania.net\\\/wp-content\\\/uploads\\\/2022\\\/08\\\/grazie.png\",\"width\":1920,\"height\":533},{\"@type\":\"BreadcrumbList\",\"@id\":\"https:\\\/\\\/www.ffbetania.net\\\/de\\\/vielen-dank-fuer-ihre-spende\\\/#breadcrumb\",\"itemListElement\":[{\"@type\":\"ListItem\",\"position\":1,\"name\":\"Home\",\"item\":\"https:\\\/\\\/www.ffbetania.net\\\/de\\\/\"},{\"@type\":\"ListItem\",\"position\":2,\"name\":\"Vielen Dank f\u00fcr Ihre Spende\"}]},{\"@type\":\"WebSite\",\"@id\":\"https:\\\/\\\/www.ffbetania.net\\\/de\\\/#website\",\"url\":\"https:\\\/\\\/www.ffbetania.net\\\/de\\\/\",\"name\":\"Fraternit\u00e0 Francescana di Betania\",\"description\":\"La Fraternit\u00e0 Francescana di Betania \u00e8 lieta di rendervi partecipi di questa gioia\",\"potentialAction\":[{\"@type\":\"SearchAction\",\"target\":{\"@type\":\"EntryPoint\",\"urlTemplate\":\"https:\\\/\\\/www.ffbetania.net\\\/de\\\/?s={search_term_string}\"},\"query-input\":{\"@type\":\"PropertyValueSpecification\",\"valueRequired\":true,\"valueName\":\"search_term_string\"}}],\"inLanguage\":\"de\"}]}<\/script>\n<!-- \/ Yoast SEO plugin. -->","yoast_head_json":{"title":"Vielen Dank f\u00fcr Ihre Spende - Fraternit\u00e0 Francescana di Betania","robots":{"index":"index","follow":"follow","max-snippet":"max-snippet:-1","max-image-preview":"max-image-preview:large","max-video-preview":"max-video-preview:-1"},"canonical":"https:\/\/www.ffbetania.net\/de\/vielen-dank-fuer-ihre-spende\/","og_locale":"de_DE","og_type":"article","og_title":"Vielen Dank f\u00fcr Ihre Spende - Fraternit\u00e0 Francescana di Betania","og_url":"https:\/\/www.ffbetania.net\/de\/vielen-dank-fuer-ihre-spende\/","og_site_name":"Fraternit\u00e0 Francescana di Betania","article_modified_time":"2023-03-09T10:53:30+00:00","og_image":[{"width":1920,"height":533,"url":"https:\/\/www.ffbetania.net\/wp-content\/uploads\/2022\/08\/grazie.png","type":"image\/png"}],"twitter_card":"summary_large_image","twitter_description":"[donation_receipt]","schema":{"@context":"https:\/\/schema.org","@graph":[{"@type":"WebPage","@id":"https:\/\/www.ffbetania.net\/de\/vielen-dank-fuer-ihre-spende\/","url":"https:\/\/www.ffbetania.net\/de\/vielen-dank-fuer-ihre-spende\/","name":"Vielen Dank f\u00fcr Ihre Spende - Fraternit\u00e0 Francescana di Betania","isPartOf":{"@id":"https:\/\/www.ffbetania.net\/de\/#website"},"primaryImageOfPage":{"@id":"https:\/\/www.ffbetania.net\/de\/vielen-dank-fuer-ihre-spende\/#primaryimage"},"image":{"@id":"https:\/\/www.ffbetania.net\/de\/vielen-dank-fuer-ihre-spende\/#primaryimage"},"thumbnailUrl":"https:\/\/www.ffbetania.net\/wp-content\/uploads\/2022\/08\/grazie.png","datePublished":"2021-07-20T13:50:58+00:00","dateModified":"2023-03-09T10:53:30+00:00","breadcrumb":{"@id":"https:\/\/www.ffbetania.net\/de\/vielen-dank-fuer-ihre-spende\/#breadcrumb"},"inLanguage":"de","potentialAction":[{"@type":"ReadAction","target":["https:\/\/www.ffbetania.net\/de\/vielen-dank-fuer-ihre-spende\/"]}]},{"@type":"ImageObject","inLanguage":"de","@id":"https:\/\/www.ffbetania.net\/de\/vielen-dank-fuer-ihre-spende\/#primaryimage","url":"https:\/\/www.ffbetania.net\/wp-content\/uploads\/2022\/08\/grazie.png","contentUrl":"https:\/\/www.ffbetania.net\/wp-content\/uploads\/2022\/08\/grazie.png","width":1920,"height":533},{"@type":"BreadcrumbList","@id":"https:\/\/www.ffbetania.net\/de\/vielen-dank-fuer-ihre-spende\/#breadcrumb","itemListElement":[{"@type":"ListItem","position":1,"name":"Home","item":"https:\/\/www.ffbetania.net\/de\/"},{"@type":"ListItem","position":2,"name":"Vielen Dank f\u00fcr Ihre Spende"}]},{"@type":"WebSite","@id":"https:\/\/www.ffbetania.net\/de\/#website","url":"https:\/\/www.ffbetania.net\/de\/","name":"Fraternit\u00e0 Francescana di Betania","description":"La Fraternit\u00e0 Francescana di Betania \u00e8 lieta di rendervi partecipi di questa gioia","potentialAction":[{"@type":"SearchAction","target":{"@type":"EntryPoint","urlTemplate":"https:\/\/www.ffbetania.net\/de\/?s={search_term_string}"},"query-input":{"@type":"PropertyValueSpecification","valueRequired":true,"valueName":"search_term_string"}}],"inLanguage":"de"}]}},"_links":{"self":[{"href":"https:\/\/www.ffbetania.net\/de\/wp-json\/wp\/v2\/pages\/247627","targetHints":{"allow":["GET"]}}],"collection":[{"href":"https:\/\/www.ffbetania.net\/de\/wp-json\/wp\/v2\/pages"}],"about":[{"href":"https:\/\/www.ffbetania.net\/de\/wp-json\/wp\/v2\/types\/page"}],"author":[{"embeddable":true,"href":"https:\/\/www.ffbetania.net\/de\/wp-json\/wp\/v2\/users\/1"}],"replies":[{"embeddable":true,"href":"https:\/\/www.ffbetania.net\/de\/wp-json\/wp\/v2\/comments?post=247627"}],"version-history":[{"count":1,"href":"https:\/\/www.ffbetania.net\/de\/wp-json\/wp\/v2\/pages\/247627\/revisions"}],"predecessor-version":[{"id":247628,"href":"https:\/\/www.ffbetania.net\/de\/wp-json\/wp\/v2\/pages\/247627\/revisions\/247628"}],"wp:featuredmedia":[{"embeddable":true,"href":"https:\/\/www.ffbetania.net\/de\/wp-json\/wp\/v2\/media\/245262"}],"wp:attachment":[{"href":"https:\/\/www.ffbetania.net\/de\/wp-json\/wp\/v2\/media?parent=247627"}],"curies":[{"name":"wp","href":"https:\/\/api.w.org\/{rel}","templated":true}]}}