{"id":247325,"date":"2021-09-06T10:25:24","date_gmt":"2021-09-06T08:25:24","guid":{"rendered":"https:\/\/www.ffbetania.net\/unsere-gemeinschaft-weltweit\/"},"modified":"2023-03-02T12:19:07","modified_gmt":"2023-03-02T11:19:07","slug":"unsere-gemeinschaft-weltweit","status":"publish","type":"page","link":"https:\/\/www.ffbetania.net\/de\/unsere-gemeinschaft-weltweit\/","title":{"rendered":"Unsere Gemeinschaft Weltweit"},"content":{"rendered":"<p>[et_pb_section fb_built=&#8220;1&#8243; admin_label=&#8220;Case&#8220; _builder_version=&#8220;4.16&#8243; _module_preset=&#8220;default&#8220; hover_enabled=&#8220;0&#8243; saved_tabs=&#8220;all&#8220; collapsed=&#8220;off&#8220; global_colors_info=&#8220;{}&#8220; sticky_enabled=&#8220;0&#8243;][et_pb_row module_id=&#8220;map-circle&#8220; _builder_version=&#8220;4.16&#8243; _module_preset=&#8220;ac2d3ec9-86f4-468c-b8d7-06f9a50cd0a1&#8243; global_colors_info=&#8220;{}&#8220;][et_pb_column type=&#8220;4_4&#8243; _builder_version=&#8220;4.16&#8243; _module_preset=&#8220;default&#8220; global_colors_info=&#8220;{}&#8220;][et_pb_code _builder_version=&#8220;4.16&#8243; _module_preset=&#8220;default&#8220; width_last_edited=&#8220;off|desktop&#8220; global_colors_info=&#8220;{}&#8220;]\t\t<div id=\"maps-marker-pro-ae8bde8d\" class=\"maps-marker-pro\" style=\"width: 500px;\">\r\n\t\t\t<div id=\"mmp-map-wrap-ae8bde8d\" class=\"mmp-map-wrap\">\r\n\t\t\t\t\t\t\t\t<div id=\"mmp-map-ae8bde8d\" class=\"mmp-map\" style=\"height: 500px;\"><\/div>\r\n\t\t\t\t\t\t\t<\/div>\r\n\t\t\t\t\t<\/div>\r\n\t\t[\/et_pb_code][\/et_pb_column][\/et_pb_row][et_pb_row gutter_width=&#8220;1&#8243; make_equal=&#8220;on&#8220; _builder_version=&#8220;4.16&#8243; _module_preset=&#8220;default&#8220; z_index=&#8220;1&#8243; custom_margin=&#8220;0px|0px|0px|0px|true|true&#8220; custom_padding=&#8220;0px|0%|0px|0%|true|true&#8220; border_radii=&#8220;on|0px|0px|0px|0px&#8220; border_color_all=&#8220;RGBA(0,0,0,0)&#8220; global_colors_info=&#8220;{}&#8220;][et_pb_column type=&#8220;4_4&#8243; _builder_version=&#8220;4.16&#8243; _module_preset=&#8220;default&#8220; global_colors_info=&#8220;{}&#8220;][et_pb_code _builder_version=&#8220;4.16&#8243; _module_preset=&#8220;default&#8220; global_colors_info=&#8220;{}&#8220;]\t\t<div id=\"maps-marker-pro-ffcb684d\" class=\"maps-marker-pro mmp-list-below\" style=\"width: 100%;\">\r\n\t\t\t<div id=\"mmp-map-wrap-ffcb684d\" class=\"mmp-map-wrap\">\r\n\t\t\t\t\t\t\t\t<div id=\"mmp-map-ffcb684d\" class=\"mmp-map\" style=\"height: 600px;\"><\/div>\r\n\t\t\t\t\t\t\t<\/div>\r\n\t\t\t\t\t\t\t<div id=\"mmp-list-ffcb684d\" class=\"mmp-list\" style=\"flex-basis: 400px;\"><\/div>\r\n\t\t\t\t\t<\/div>\r\n\t\t[\/et_pb_code][\/et_pb_column][\/et_pb_row][\/et_pb_section]<\/p>\n","protected":false},"excerpt":{"rendered":"<p>\t\t<div id=\"maps-marker-pro-06e33846\" class=\"maps-marker-pro\" style=\"width: 500px;\">\r\n\t\t\t<div id=\"mmp-map-wrap-06e33846\" class=\"mmp-map-wrap\">\r\n\t\t\t\t\t\t\t\t<div id=\"mmp-map-06e33846\" class=\"mmp-map\" style=\"height: 500px;\"><\/div>\r\n\t\t\t\t\t\t\t<\/div>\r\n\t\t\t\t\t<\/div>\r\n\t\t\t\t<div id=\"maps-marker-pro-fa30bd2e\" class=\"maps-marker-pro mmp-list-below\" style=\"width: 100%;\">\r\n\t\t\t<div id=\"mmp-map-wrap-fa30bd2e\" class=\"mmp-map-wrap\">\r\n\t\t\t\t\t\t\t\t<div id=\"mmp-map-fa30bd2e\" class=\"mmp-map\" style=\"height: 600px;\"><\/div>\r\n\t\t\t\t\t\t\t<\/div>\r\n\t\t\t\t\t\t\t<div id=\"mmp-list-fa30bd2e\" class=\"mmp-list\" style=\"flex-basis: 400px;\"><\/div>\r\n\t\t\t\t\t<\/div>\r\n\t\t<\/p>\n","protected":false},"author":1,"featured_media":237942,"parent":0,"menu_order":0,"comment_status":"closed","ping_status":"closed","template":"","meta":{"_et_pb_use_builder":"on","_et_pb_old_content":"","_et_gb_content_width":"","footnotes":""},"class_list":["post-247325","page","type-page","status-publish","has-post-thumbnail","hentry"],"yoast_head":"<!-- This site is optimized with the Yoast SEO plugin v27.3 - https:\/\/yoast.com\/product\/yoast-seo-wordpress\/ -->\n<title>Unsere Gemeinschaft Weltweit - Fraternit\u00e0 Francescana di Betania<\/title>\n<meta name=\"robots\" content=\"index, follow, max-snippet:-1, max-image-preview:large, max-video-preview:-1\" \/>\n<link rel=\"canonical\" href=\"https:\/\/www.ffbetania.net\/de\/unsere-gemeinschaft-weltweit\/\" \/>\n<meta property=\"og:locale\" content=\"de_DE\" \/>\n<meta property=\"og:type\" content=\"article\" \/>\n<meta property=\"og:title\" content=\"Unsere Gemeinschaft Weltweit - Fraternit\u00e0 Francescana di Betania\" \/>\n<meta property=\"og:url\" content=\"https:\/\/www.ffbetania.net\/de\/unsere-gemeinschaft-weltweit\/\" \/>\n<meta property=\"og:site_name\" content=\"Fraternit\u00e0 Francescana di Betania\" \/>\n<meta property=\"article:modified_time\" content=\"2023-03-02T11:19:07+00:00\" \/>\n<meta property=\"og:image\" content=\"https:\/\/www.ffbetania.net\/wp-content\/uploads\/2021\/11\/terlizzi-2005-020-min.jpg\" \/>\n\t<meta property=\"og:image:width\" content=\"1632\" \/>\n\t<meta property=\"og:image:height\" content=\"717\" \/>\n\t<meta property=\"og:image:type\" content=\"image\/jpeg\" \/>\n<meta name=\"twitter:card\" content=\"summary_large_image\" \/>\n<meta name=\"twitter:description\" content=\"[mapsmarker map=&quot;2&quot;][mapsmarker map=&quot;1&quot; list=&quot;1&quot;]\" \/>\n<meta name=\"twitter:label1\" content=\"Gesch\u00e4tzte Lesezeit\" \/>\n\t<meta name=\"twitter:data1\" content=\"1\u00a0Minute\" \/>\n<script type=\"application\/ld+json\" class=\"yoast-schema-graph\">{\"@context\":\"https:\\\/\\\/schema.org\",\"@graph\":[{\"@type\":\"WebPage\",\"@id\":\"https:\\\/\\\/www.ffbetania.net\\\/de\\\/unsere-gemeinschaft-weltweit\\\/\",\"url\":\"https:\\\/\\\/www.ffbetania.net\\\/de\\\/unsere-gemeinschaft-weltweit\\\/\",\"name\":\"Unsere Gemeinschaft Weltweit - Fraternit\u00e0 Francescana di Betania\",\"isPartOf\":{\"@id\":\"https:\\\/\\\/www.ffbetania.net\\\/de\\\/#website\"},\"primaryImageOfPage\":{\"@id\":\"https:\\\/\\\/www.ffbetania.net\\\/de\\\/unsere-gemeinschaft-weltweit\\\/#primaryimage\"},\"image\":{\"@id\":\"https:\\\/\\\/www.ffbetania.net\\\/de\\\/unsere-gemeinschaft-weltweit\\\/#primaryimage\"},\"thumbnailUrl\":\"https:\\\/\\\/www.ffbetania.net\\\/wp-content\\\/uploads\\\/2021\\\/11\\\/terlizzi-2005-020-min.jpg\",\"datePublished\":\"2021-09-06T08:25:24+00:00\",\"dateModified\":\"2023-03-02T11:19:07+00:00\",\"breadcrumb\":{\"@id\":\"https:\\\/\\\/www.ffbetania.net\\\/de\\\/unsere-gemeinschaft-weltweit\\\/#breadcrumb\"},\"inLanguage\":\"de\",\"potentialAction\":[{\"@type\":\"ReadAction\",\"target\":[\"https:\\\/\\\/www.ffbetania.net\\\/de\\\/unsere-gemeinschaft-weltweit\\\/\"]}]},{\"@type\":\"ImageObject\",\"inLanguage\":\"de\",\"@id\":\"https:\\\/\\\/www.ffbetania.net\\\/de\\\/unsere-gemeinschaft-weltweit\\\/#primaryimage\",\"url\":\"https:\\\/\\\/www.ffbetania.net\\\/wp-content\\\/uploads\\\/2021\\\/11\\\/terlizzi-2005-020-min.jpg\",\"contentUrl\":\"https:\\\/\\\/www.ffbetania.net\\\/wp-content\\\/uploads\\\/2021\\\/11\\\/terlizzi-2005-020-min.jpg\",\"width\":1632,\"height\":717},{\"@type\":\"BreadcrumbList\",\"@id\":\"https:\\\/\\\/www.ffbetania.net\\\/de\\\/unsere-gemeinschaft-weltweit\\\/#breadcrumb\",\"itemListElement\":[{\"@type\":\"ListItem\",\"position\":1,\"name\":\"Home\",\"item\":\"https:\\\/\\\/www.ffbetania.net\\\/de\\\/\"},{\"@type\":\"ListItem\",\"position\":2,\"name\":\"Unsere Gemeinschaft Weltweit\"}]},{\"@type\":\"WebSite\",\"@id\":\"https:\\\/\\\/www.ffbetania.net\\\/de\\\/#website\",\"url\":\"https:\\\/\\\/www.ffbetania.net\\\/de\\\/\",\"name\":\"Fraternit\u00e0 Francescana di Betania\",\"description\":\"La Fraternit\u00e0 Francescana di Betania \u00e8 lieta di rendervi partecipi di questa gioia\",\"potentialAction\":[{\"@type\":\"SearchAction\",\"target\":{\"@type\":\"EntryPoint\",\"urlTemplate\":\"https:\\\/\\\/www.ffbetania.net\\\/de\\\/?s={search_term_string}\"},\"query-input\":{\"@type\":\"PropertyValueSpecification\",\"valueRequired\":true,\"valueName\":\"search_term_string\"}}],\"inLanguage\":\"de\"}]}<\/script>\n<!-- \/ Yoast SEO plugin. -->","yoast_head_json":{"title":"Unsere Gemeinschaft Weltweit - Fraternit\u00e0 Francescana di Betania","robots":{"index":"index","follow":"follow","max-snippet":"max-snippet:-1","max-image-preview":"max-image-preview:large","max-video-preview":"max-video-preview:-1"},"canonical":"https:\/\/www.ffbetania.net\/de\/unsere-gemeinschaft-weltweit\/","og_locale":"de_DE","og_type":"article","og_title":"Unsere Gemeinschaft Weltweit - Fraternit\u00e0 Francescana di Betania","og_url":"https:\/\/www.ffbetania.net\/de\/unsere-gemeinschaft-weltweit\/","og_site_name":"Fraternit\u00e0 Francescana di Betania","article_modified_time":"2023-03-02T11:19:07+00:00","og_image":[{"width":1632,"height":717,"url":"https:\/\/www.ffbetania.net\/wp-content\/uploads\/2021\/11\/terlizzi-2005-020-min.jpg","type":"image\/jpeg"}],"twitter_card":"summary_large_image","twitter_description":"[mapsmarker map=\"2\"][mapsmarker map=\"1\" list=\"1\"]","twitter_misc":{"Gesch\u00e4tzte Lesezeit":"1\u00a0Minute"},"schema":{"@context":"https:\/\/schema.org","@graph":[{"@type":"WebPage","@id":"https:\/\/www.ffbetania.net\/de\/unsere-gemeinschaft-weltweit\/","url":"https:\/\/www.ffbetania.net\/de\/unsere-gemeinschaft-weltweit\/","name":"Unsere Gemeinschaft Weltweit - Fraternit\u00e0 Francescana di Betania","isPartOf":{"@id":"https:\/\/www.ffbetania.net\/de\/#website"},"primaryImageOfPage":{"@id":"https:\/\/www.ffbetania.net\/de\/unsere-gemeinschaft-weltweit\/#primaryimage"},"image":{"@id":"https:\/\/www.ffbetania.net\/de\/unsere-gemeinschaft-weltweit\/#primaryimage"},"thumbnailUrl":"https:\/\/www.ffbetania.net\/wp-content\/uploads\/2021\/11\/terlizzi-2005-020-min.jpg","datePublished":"2021-09-06T08:25:24+00:00","dateModified":"2023-03-02T11:19:07+00:00","breadcrumb":{"@id":"https:\/\/www.ffbetania.net\/de\/unsere-gemeinschaft-weltweit\/#breadcrumb"},"inLanguage":"de","potentialAction":[{"@type":"ReadAction","target":["https:\/\/www.ffbetania.net\/de\/unsere-gemeinschaft-weltweit\/"]}]},{"@type":"ImageObject","inLanguage":"de","@id":"https:\/\/www.ffbetania.net\/de\/unsere-gemeinschaft-weltweit\/#primaryimage","url":"https:\/\/www.ffbetania.net\/wp-content\/uploads\/2021\/11\/terlizzi-2005-020-min.jpg","contentUrl":"https:\/\/www.ffbetania.net\/wp-content\/uploads\/2021\/11\/terlizzi-2005-020-min.jpg","width":1632,"height":717},{"@type":"BreadcrumbList","@id":"https:\/\/www.ffbetania.net\/de\/unsere-gemeinschaft-weltweit\/#breadcrumb","itemListElement":[{"@type":"ListItem","position":1,"name":"Home","item":"https:\/\/www.ffbetania.net\/de\/"},{"@type":"ListItem","position":2,"name":"Unsere Gemeinschaft Weltweit"}]},{"@type":"WebSite","@id":"https:\/\/www.ffbetania.net\/de\/#website","url":"https:\/\/www.ffbetania.net\/de\/","name":"Fraternit\u00e0 Francescana di Betania","description":"La Fraternit\u00e0 Francescana di Betania \u00e8 lieta di rendervi partecipi di questa gioia","potentialAction":[{"@type":"SearchAction","target":{"@type":"EntryPoint","urlTemplate":"https:\/\/www.ffbetania.net\/de\/?s={search_term_string}"},"query-input":{"@type":"PropertyValueSpecification","valueRequired":true,"valueName":"search_term_string"}}],"inLanguage":"de"}]}},"_links":{"self":[{"href":"https:\/\/www.ffbetania.net\/de\/wp-json\/wp\/v2\/pages\/247325","targetHints":{"allow":["GET"]}}],"collection":[{"href":"https:\/\/www.ffbetania.net\/de\/wp-json\/wp\/v2\/pages"}],"about":[{"href":"https:\/\/www.ffbetania.net\/de\/wp-json\/wp\/v2\/types\/page"}],"author":[{"embeddable":true,"href":"https:\/\/www.ffbetania.net\/de\/wp-json\/wp\/v2\/users\/1"}],"replies":[{"embeddable":true,"href":"https:\/\/www.ffbetania.net\/de\/wp-json\/wp\/v2\/comments?post=247325"}],"version-history":[{"count":1,"href":"https:\/\/www.ffbetania.net\/de\/wp-json\/wp\/v2\/pages\/247325\/revisions"}],"predecessor-version":[{"id":247326,"href":"https:\/\/www.ffbetania.net\/de\/wp-json\/wp\/v2\/pages\/247325\/revisions\/247326"}],"wp:featuredmedia":[{"embeddable":true,"href":"https:\/\/www.ffbetania.net\/de\/wp-json\/wp\/v2\/media\/237942"}],"wp:attachment":[{"href":"https:\/\/www.ffbetania.net\/de\/wp-json\/wp\/v2\/media?parent=247325"}],"curies":[{"name":"wp","href":"https:\/\/api.w.org\/{rel}","templated":true}]}}